{"id":242865,"date":"2021-05-18T07:00:49","date_gmt":"2021-05-18T07:00:49","guid":{"rendered":"https:\/\/rescuewear.eu\/impressum\/"},"modified":"2025-12-02T09:44:16","modified_gmt":"2025-12-02T09:44:16","slug":"impressum","status":"publish","type":"page","link":"https:\/\/rescuewear.eu\/de\/impressum\/","title":{"rendered":"Impressum"},"content":{"rendered":"<p>[et_pb_section fb_built=&#8220;1&#8243; admin_label=&#8220;header blog&#8220; _builder_version=&#8220;4.16&#8243; _module_preset=&#8220;default&#8220; background_color=&#8220;#000000&#8243; custom_margin=&#8220;||0px|50px|false|false&#8220; custom_margin_tablet=&#8220;&#8220; custom_margin_phone=&#8220;|||0px|false|false&#8220; custom_margin_last_edited=&#8220;on|phone&#8220; custom_padding=&#8220;0px|0px|0px|0px|false|true&#8220; top_divider_color=&#8220;#000000&#8243; top_divider_arrangement=&#8220;above_content&#8220; bottom_divider_color=&#8220;#FFFFFF&#8220; bottom_divider_flip=&#8220;vertical&#8220; bottom_divider_arrangement=&#8220;above_content&#8220; sticky_position_tablet=&#8220;none&#8220; sticky_position_last_edited=&#8220;off|desktop&#8220; border_color_bottom=&#8220;gcid-93b9221d-346f-4d17-8791-c904dc494d99&#8243; collapsed=&#8220;off&#8220; global_colors_info=&#8220;{%22gcid-93b9221d-346f-4d17-8791-c904dc494d99%22:%91%22border_color_bottom%22%93,%22gcid-b5f40070-431d-4893-aa87-87f16089d237%22:%91%93,%22gcid-e97cc203-924a-41e3-a8f9-271a40233bc3%22:%91%93}&#8220;][et_pb_row column_structure=&#8220;1_2,1_2&#8243; use_custom_gutter=&#8220;on&#8220; gutter_width=&#8220;1&#8243; custom_padding_last_edited=&#8220;off|desktop&#8220; _builder_version=&#8220;4.16&#8243; _module_preset=&#8220;default&#8220; background_enable_color=&#8220;off&#8220; background_color_gradient_direction=&#8220;-90deg&#8220; background_enable_image=&#8220;off&#8220; background_size=&#8220;initial&#8220; background_repeat=&#8220;repeat&#8220; width=&#8220;100%&#8220; max_width=&#8220;100%&#8220; custom_padding=&#8220;100px||50px||false|false&#8220; custom_padding_tablet=&#8220;0px||0px||false|false&#8220; custom_css_main_element=&#8220;display: flex;||flex-wrap: wrap;&#8220; global_colors_info=&#8220;{%22gcid-93b9221d-346f-4d17-8791-c904dc494d99%22:%91%93,%22gcid-c3ecdd2d-4f0e-43be-835e-4b803319e3d6%22:%91%93,%22gcid-b9074b07-9853-416f-862d-b95f678c17c4%22:%91%93,%22gcid-b93f03e0-f1a3-4dc3-82c8-7f06346e26ca%22:%91%93,%22gcid-a1bf55a0-5c5b-497b-9aab-bea1595b8b44%22:%91%93,%22gcid-1c66a814-85c1-4133-bcb8-09d3eb777ed9%22:%91%93,%22gcid-e97cc203-924a-41e3-a8f9-271a40233bc3%22:%91%93,%22gcid-f20cfb37-afa6-44f3-a320-b41d436305a8%22:%91%22colorStart%22%93}&#8220;][et_pb_column type=&#8220;1_2&#8243; _builder_version=&#8220;4.16&#8243; _module_preset=&#8220;default&#8220; custom_padding_tablet=&#8220;||80px||false|false&#8220; custom_padding_phone=&#8220;&#8220; custom_padding_last_edited=&#8220;on|phone&#8220; scroll_vertical_motion=&#8220;0|50|50|100|1|0|-1&#8243; scroll_fade=&#8220;0|50|50|100|0|100|0%&#8220; border_color_all=&#8220;gcid-93b9221d-346f-4d17-8791-c904dc494d99&#8243; border_color_right=&#8220;gcid-93b9221d-346f-4d17-8791-c904dc494d99&#8243; global_colors_info=&#8220;{%22gcid-93b9221d-346f-4d17-8791-c904dc494d99%22:%91%22border_color_all%22,%22border_color_right%22%93,%22gcid-b5f40070-431d-4893-aa87-87f16089d237%22:%91%93,%22gcid-e97cc203-924a-41e3-a8f9-271a40233bc3%22:%91%93}&#8220; custom_css_main_element_last_edited=&#8220;on|tablet&#8220; custom_css_main_element_phone=&#8220;order: 1;&#8220; custom_css_main_element_tablet=&#8220;order: 1;&#8220;][et_pb_image src=&#8220;https:\/\/rescuewear.eu\/wp-content\/uploads\/logo-transparent@2x-8.png&#8220; alt=&#8220;rescuewear &#8211; we design for heroes&#8220; title_text=&#8220;logo-transparent@2x-8&#8243; url=&#8220;@ET-DC@eyJkeW5hbWljIjp0cnVlLCJjb250ZW50IjoiaG9tZV91cmwiLCJzZXR0aW5ncyI6W119@&#8220; show_bottom_space=&#8220;off&#8220; align_last_edited=&#8220;off|desktop&#8220; _builder_version=&#8220;4.16&#8243; _dynamic_attributes=&#8220;url&#8220; _module_preset=&#8220;default&#8220; width=&#8220;75%&#8220; width_tablet=&#8220;75%&#8220; width_phone=&#8220;100%&#8220; width_last_edited=&#8220;on|tablet&#8220; module_alignment=&#8220;left&#8220; custom_margin=&#8220;||17%||false|true&#8220; custom_margin_tablet=&#8220;10%||10%||false|false&#8220; custom_margin_phone=&#8220;0%||0%||false|false&#8220; custom_margin_last_edited=&#8220;on|desktop&#8220; custom_padding=&#8220;|15%||15%|false|true&#8220; animation_style=&#8220;fade&#8220; module_alignment_tablet=&#8220;&#8220; module_alignment_phone=&#8220;center&#8220; module_alignment_last_edited=&#8220;on|phone&#8220; global_colors_info=&#8220;{}&#8220;][\/et_pb_image][\/et_pb_column][et_pb_column type=&#8220;1_2&#8243; _builder_version=&#8220;4.16&#8243; _module_preset=&#8220;default&#8220; custom_padding_tablet=&#8220;||80px||false|false&#8220; custom_padding_phone=&#8220;&#8220; custom_padding_last_edited=&#8220;on|phone&#8220; scroll_vertical_motion=&#8220;0|50|50|100|1|0|-1&#8243; scroll_fade=&#8220;0|50|50|100|0|100|0%&#8220; border_color_all=&#8220;gcid-93b9221d-346f-4d17-8791-c904dc494d99&#8243; border_color_right=&#8220;gcid-93b9221d-346f-4d17-8791-c904dc494d99&#8243; global_colors_info=&#8220;{%22gcid-93b9221d-346f-4d17-8791-c904dc494d99%22:%91%22border_color_all%22,%22border_color_right%22%93,%22gcid-b5f40070-431d-4893-aa87-87f16089d237%22:%91%93,%22gcid-e97cc203-924a-41e3-a8f9-271a40233bc3%22:%91%93}&#8220; custom_css_main_element_last_edited=&#8220;on|tablet&#8220; custom_css_main_element_phone=&#8220;order: 1;&#8220; custom_css_main_element_tablet=&#8220;order: 1;&#8220;][et_pb_text _builder_version=&#8220;4.16&#8243; _module_preset=&#8220;default&#8220; header_font=&#8220;|800|||||||&#8220; header_font_size=&#8220;4rem&#8220; header_letter_spacing=&#8220;0.3rem&#8220; header_line_height=&#8220;4rem&#8220; header_2_font=&#8220;|700||on|||||&#8220; header_2_text_align=&#8220;center&#8220; header_2_text_color=&#8220;#000000&#8243; header_2_font_size=&#8220;1.4rem&#8220; header_3_font=&#8220;|600|||||||&#8220; header_3_font_size=&#8220;2rem&#8220; header_3_letter_spacing=&#8220;0.3rem&#8220; header_3_line_height=&#8220;3rem&#8220; header_4_font=&#8220;||||||||&#8220; header_4_font_size=&#8220;1.4rem&#8220; header_4_letter_spacing=&#8220;0.4rem&#8220; header_4_line_height=&#8220;2em&#8220; header_5_font=&#8220;|700|||||||&#8220; header_5_text_color=&#8220;#000000&#8243; header_5_font_size=&#8220;1rem&#8220; header_5_letter_spacing=&#8220;0.2rem&#8220; header_5_line_height=&#8220;1.4rem&#8220; background_layout=&#8220;dark&#8220; custom_margin=&#8220;||||false|true&#8220; custom_padding=&#8220;50px|15%|100px|15%|false|true&#8220; custom_padding_tablet=&#8220;0px|15%|50px|15%|false|true&#8220; custom_padding_phone=&#8220;||0px||false|true&#8220; custom_padding_last_edited=&#8220;on|phone&#8220; header_font_size_tablet=&#8220;&#8220; header_font_size_phone=&#8220;2.2rem&#8220; header_font_size_last_edited=&#8220;on|desktop&#8220; header_letter_spacing_tablet=&#8220;&#8220; header_letter_spacing_phone=&#8220;0.2rem&#8220; header_letter_spacing_last_edited=&#8220;on|phone&#8220; header_2_text_color_tablet=&#8220;&#8220; header_2_text_color_phone=&#8220;#FFFFFF&#8220; header_2_text_color_last_edited=&#8220;on|phone&#8220; header_2_font_size_tablet=&#8220;&#8220; header_2_font_size_phone=&#8220;1.4rem&#8220; header_2_font_size_last_edited=&#8220;on|tablet&#8220; global_colors_info=&#8220;{%22gcid-1c66a814-85c1-4133-bcb8-09d3eb777ed9%22:%91%93,%22gcid-49e1468f-dece-4b18-820c-556c0629e340%22:%91%93}&#8220;]<\/p>\n<h1>Impressum<\/h1>\n<p>[\/et_pb_text][\/et_pb_column][\/et_pb_row][\/et_pb_section][et_pb_section fb_built=&#8220;1&#8243; admin_label=&#8220;text&#8220; _builder_version=&#8220;4.16&#8243; _module_preset=&#8220;default&#8220; background_enable_color=&#8220;off&#8220; custom_margin=&#8220;|||50px|false|false&#8220; custom_margin_tablet=&#8220;&#8220; custom_margin_phone=&#8220;|||0px|false|false&#8220; custom_margin_last_edited=&#8220;on|phone&#8220; custom_padding=&#8220;0px|0px|0px|0px|true|true&#8220; collapsed=&#8220;off&#8220; global_colors_info=&#8220;{}&#8220;][et_pb_row column_structure=&#8220;1_2,1_2&#8243; use_custom_gutter=&#8220;on&#8220; gutter_width=&#8220;1&#8243; make_equal=&#8220;on&#8220; _builder_version=&#8220;4.16&#8243; _module_preset=&#8220;default&#8220; width=&#8220;100%&#8220; max_width=&#8220;100%&#8220; custom_padding=&#8220;0px||0px||true|false&#8220; global_colors_info=&#8220;{}&#8220;][et_pb_column type=&#8220;1_2&#8243; admin_label=&#8220;txt&#8220; _builder_version=&#8220;4.16&#8243; _module_preset=&#8220;default&#8220; background_color=&#8220;#FFFFFF&#8220; global_colors_info=&#8220;{%22gcid-cb3789b2-10e6-4487-bff9-6d16753fbc85%22:%91%93,%22gcid-49e1468f-dece-4b18-820c-556c0629e340%22:%91%93,%22gcid-e97cc203-924a-41e3-a8f9-271a40233bc3%22:%91%93,%22gcid-2af8ab1c-9db1-48e5-8d6e-a88476d718f4%22:%91%93}&#8220;][\/et_pb_column][et_pb_column type=&#8220;1_2&#8243; admin_label=&#8220;txt&#8220; _builder_version=&#8220;4.16&#8243; _module_preset=&#8220;default&#8220; background_color=&#8220;gcid-2af8ab1c-9db1-48e5-8d6e-a88476d718f4&#8243; global_colors_info=&#8220;{%22gcid-01b0e956-425e-4954-a171-d74d6939bcf5%22:%91%93,%22gcid-1c66a814-85c1-4133-bcb8-09d3eb777ed9%22:%91%93,%22gcid-c3ecdd2d-4f0e-43be-835e-4b803319e3d6%22:%91%93,%22gcid-e97cc203-924a-41e3-a8f9-271a40233bc3%22:%91%93,%22gcid-7de3d2ba-65c3-437c-b384-d68695cad579%22:%91%93,%22gcid-68bb9b82-4c9c-4a80-8665-e4a5f11f373a%22:%91%93,%22gcid-2af8ab1c-9db1-48e5-8d6e-a88476d718f4%22:%91%22background_color%22%93}&#8220;][et_pb_text _builder_version=&#8220;4.27.4&#8243; _module_preset=&#8220;default&#8220; text_font=&#8220;||||||||&#8220; text_font_size=&#8220;1rem&#8220; text_line_height=&#8220;1.8rem&#8220; link_text_color=&#8220;gcid-1c66a814-85c1-4133-bcb8-09d3eb777ed9&#8243; header_font=&#8220;||||||||&#8220; header_2_font=&#8220;|700|||||||&#8220; header_2_text_align=&#8220;left&#8220; header_2_text_color=&#8220;gcid-1c66a814-85c1-4133-bcb8-09d3eb777ed9&#8243; header_2_font_size=&#8220;2rem&#8220; header_2_letter_spacing=&#8220;0.1em&#8220; header_3_font=&#8220;|600|||||||&#8220; header_3_text_align=&#8220;left&#8220; header_3_text_color=&#8220;gcid-68bb9b82-4c9c-4a80-8665-e4a5f11f373a&#8220; header_3_font_size=&#8220;2rem&#8220; header_3_letter_spacing=&#8220;0.1rem&#8220; header_3_line_height=&#8220;1.3em&#8220; header_4_font=&#8220;||||||||&#8220; header_4_font_size=&#8220;1.4rem&#8220; header_4_letter_spacing=&#8220;0.4rem&#8220; header_4_line_height=&#8220;2em&#8220; header_5_font=&#8220;|700|||||||&#8220; header_5_text_color=&#8220;#000000&#8243; header_5_font_size=&#8220;1rem&#8220; header_5_letter_spacing=&#8220;0.2rem&#8220; header_5_line_height=&#8220;1.4rem&#8220; text_orientation=&#8220;justified&#8220; custom_margin_tablet=&#8220;0px||50px||false|true&#8220; custom_margin_last_edited=&#8220;off|desktop&#8220; custom_padding=&#8220;100px|15%|100px|15%|true|true&#8220; border_color_all=&#8220;gcid-fd49010d-138b-4a49-a5cb-389d62ff9600&#8243; global_colors_info=&#8220;{%22gcid-1c66a814-85c1-4133-bcb8-09d3eb777ed9%22:%91%22header_2_text_color%22,%22link_text_color%22%93,%22gcid-01b0e956-425e-4954-a171-d74d6939bcf5%22:%91%93,%22gcid-fd49010d-138b-4a49-a5cb-389d62ff9600%22:%91%22border_color_all%22,%22border_color_all%22,%22border_color_all%22%93,%22gcid-c3ecdd2d-4f0e-43be-835e-4b803319e3d6%22:%91%93,%22gcid-b93f03e0-f1a3-4dc3-82c8-7f06346e26ca%22:%91%93,%22gcid-a1bf55a0-5c5b-497b-9aab-bea1595b8b44%22:%91%93,%22gcid-b9074b07-9853-416f-862d-b95f678c17c4%22:%91%93,%22gcid-93b9221d-346f-4d17-8791-c904dc494d99%22:%91%93,%22gcid-e97cc203-924a-41e3-a8f9-271a40233bc3%22:%91%93,%22gcid-cb3789b2-10e6-4487-bff9-6d16753fbc85%22:%91%93,%22gcid-68bb9b82-4c9c-4a80-8665-e4a5f11f373a%22:%91%22header_3_text_color%22%93}&#8220;]<\/p>\n<h2>Rescuewear by Ressiv Safety GmbH<\/h2>\n<p><\/p>\n<p>&nbsp;<\/p>\n<p><\/p>\n<p><strong>Kontakt<\/strong><br \/>Ressiv Safety GmbH<br \/>Wei\u00dfenburger Stra\u00dfe 12A<br \/>66994 Dahn<br \/>Deutschland<\/p>\n<p><\/p>\n<p>Telefon: +49 (0) 6391 9929010<br \/>eMail: info@rescuewear.eu<\/p>\n<p><\/p>\n<p><strong>Rechtsform, Sitz, Register<\/strong><br \/>Rechtsform: GmbH<br \/>Sitz: 66994 Dahn<br \/>Registergericht Zweibr\u00fccken HRB 31702<\/p>\n<p><\/p>\n<p>Vertretungsberechtige Person (Gesch\u00e4ftsf\u00fchrer): Johan Visser<\/p>\n<p><\/p>\n<p>Bankverbindung: VR Bank S\u00fcdliche Weinstra\u00dfe-Wasgau eG<br \/>IBAN: DE03 5489 1300 0061 0428 06<br \/>BIC: GENODE61BZA<br \/>USt.IdNr: DE307472170<br \/>Steuer-Nr. 35\/668\/02016<\/p>\n<p><\/p>\n<p><strong>Weitere Angaben<\/strong><\/p>\n<p><\/p>\n<p><strong>Verantwortlich f\u00fcr journalistisch-redaktionelle Inhalte nach \u00a7 18 MStV:<\/strong><br \/>Annemarie Visser<br \/>Wei\u00dfenburger Stra\u00dfe 12A<br \/>66994 Dahn<br \/>Deutschland<\/p>\n<p><\/p>\n<p><strong>Information zur au\u00dfergerichtlichen Streitbeilegung nach \u00a7\u00a036 VSBG<br \/><\/strong>Wir sind nicht bereit oder verpflichtet, an Streitbeilegungsverfahren vor einer Verbraucherschlichtungsstelle teilzunehmen.<\/p>\n<p><\/p>\n<p><strong>Social Media-Profile<\/strong><br \/>Dieses Impressum gilt auch f\u00fcr folgende\u00a0Social Media-Profile:<\/p>\n<p><\/p>\n<p>\u2013\u00a0\u00a0\u00a0\u00a0\u00a0 Instagram:\u00a0<a href=\"https:\/\/www.instagram.com\/rescue_wear\/\">https:\/\/www.instagram.com\/rescue_wear\/<\/a><br \/>\u2013\u00a0\u00a0\u00a0\u00a0\u00a0 Google:\u00a0<a href=\"https:\/\/g.co\/kgs\/sdPMzsg\">https:\/\/g.co\/kgs\/sdPMzsg<\/a><\/p>\n<p>[\/et_pb_text][\/et_pb_column][\/et_pb_row][\/et_pb_section]<\/p>\n","protected":false},"excerpt":{"rendered":"<p>ImpressumRescuewear by Ressiv Safety GmbH&nbsp;KontaktRessiv Safety GmbHWei\u00dfenburger Stra\u00dfe 12A66994 DahnDeutschlandTelefon: +49 (0) 6391 9929010eMail: info@rescuewear.euRechtsform, Sitz, RegisterRechtsform: GmbHSitz: 66994 DahnRegistergericht Zweibr\u00fccken HRB 31702Vertretungsberechtige Person (Gesch\u00e4ftsf\u00fchrer): Johan VisserBankverbindung: VR Bank S\u00fcdliche Weinstra\u00dfe-Wasgau eGIBAN: DE03 5489 1300 0061 0428 06BIC: GENODE61BZAUSt.IdNr: DE307472170Steuer-Nr. 35\/668\/02016Weitere AngabenVerantwortlich f\u00fcr journalistisch-redaktionelle Inhalte nach \u00a7 18 MStV:Annemarie VisserWei\u00dfenburger Stra\u00dfe 12A66994 DahnDeutschlandInformation zur au\u00dfergerichtlichen [&hellip;]<\/p>\n","protected":false},"author":1,"featured_media":0,"parent":0,"menu_order":0,"comment_status":"closed","ping_status":"closed","template":"","meta":{"_et_pb_use_builder":"on","_et_pb_old_content":"","_et_gb_content_width":"","footnotes":""},"dipi_cpt_category":[],"class_list":["post-242865","page","type-page","status-publish","hentry"],"_links":{"self":[{"href":"https:\/\/rescuewear.eu\/de\/wp-json\/wp\/v2\/pages\/242865","targetHints":{"allow":["GET"]}}],"collection":[{"href":"https:\/\/rescuewear.eu\/de\/wp-json\/wp\/v2\/pages"}],"about":[{"href":"https:\/\/rescuewear.eu\/de\/wp-json\/wp\/v2\/types\/page"}],"author":[{"embeddable":true,"href":"https:\/\/rescuewear.eu\/de\/wp-json\/wp\/v2\/users\/1"}],"replies":[{"embeddable":true,"href":"https:\/\/rescuewear.eu\/de\/wp-json\/wp\/v2\/comments?post=242865"}],"version-history":[{"count":5,"href":"https:\/\/rescuewear.eu\/de\/wp-json\/wp\/v2\/pages\/242865\/revisions"}],"predecessor-version":[{"id":25886155,"href":"https:\/\/rescuewear.eu\/de\/wp-json\/wp\/v2\/pages\/242865\/revisions\/25886155"}],"wp:attachment":[{"href":"https:\/\/rescuewear.eu\/de\/wp-json\/wp\/v2\/media?parent=242865"}],"wp:term":[{"taxonomy":"dipi_cpt_category","embeddable":true,"href":"https:\/\/rescuewear.eu\/de\/wp-json\/wp\/v2\/dipi_cpt_category?post=242865"}],"curies":[{"name":"wp","href":"https:\/\/api.w.org\/{rel}","templated":true}]}}