{"id":242916,"date":"2021-05-18T08:26:34","date_gmt":"2021-05-18T08:26:34","guid":{"rendered":"https:\/\/rescuewear.eu\/privacy\/"},"modified":"2025-09-04T07:46:28","modified_gmt":"2025-09-04T07:46:28","slug":"privacy","status":"publish","type":"page","link":"https:\/\/rescuewear.eu\/de\/privacy\/","title":{"rendered":"Datenschutzerkl\u00e4rung"},"content":{"rendered":"<p>[et_pb_section fb_built=&#8220;1&#8243; admin_label=&#8220;header blog&#8220; _builder_version=&#8220;4.16&#8243; _module_preset=&#8220;default&#8220; background_color=&#8220;#000000&#8243; custom_margin=&#8220;||0px|50px|false|false&#8220; custom_margin_tablet=&#8220;&#8220; custom_margin_phone=&#8220;|||0px|false|false&#8220; custom_margin_last_edited=&#8220;on|phone&#8220; custom_padding=&#8220;0px|0px|0px|0px|false|true&#8220; top_divider_color=&#8220;#000000&#8243; top_divider_arrangement=&#8220;above_content&#8220; bottom_divider_color=&#8220;#FFFFFF&#8220; bottom_divider_flip=&#8220;vertical&#8220; bottom_divider_arrangement=&#8220;above_content&#8220; sticky_position_tablet=&#8220;none&#8220; sticky_position_last_edited=&#8220;off|desktop&#8220; border_color_bottom=&#8220;gcid-93b9221d-346f-4d17-8791-c904dc494d99&#8243; collapsed=&#8220;off&#8220; global_colors_info=&#8220;{%22gcid-93b9221d-346f-4d17-8791-c904dc494d99%22:%91%22border_color_bottom%22%93,%22gcid-b5f40070-431d-4893-aa87-87f16089d237%22:%91%93,%22gcid-e97cc203-924a-41e3-a8f9-271a40233bc3%22:%91%93}&#8220;][et_pb_row column_structure=&#8220;1_2,1_2&#8243; use_custom_gutter=&#8220;on&#8220; gutter_width=&#8220;1&#8243; custom_padding_last_edited=&#8220;off|desktop&#8220; _builder_version=&#8220;4.16&#8243; _module_preset=&#8220;default&#8220; background_enable_color=&#8220;off&#8220; background_color_gradient_direction=&#8220;-90deg&#8220; background_enable_image=&#8220;off&#8220; background_size=&#8220;initial&#8220; background_repeat=&#8220;repeat&#8220; width=&#8220;100%&#8220; max_width=&#8220;100%&#8220; custom_padding=&#8220;100px||50px||false|false&#8220; custom_padding_tablet=&#8220;0px||0px||false|false&#8220; custom_css_main_element=&#8220;display: flex;||flex-wrap: wrap;&#8220; global_colors_info=&#8220;{%22gcid-93b9221d-346f-4d17-8791-c904dc494d99%22:%91%93,%22gcid-c3ecdd2d-4f0e-43be-835e-4b803319e3d6%22:%91%93,%22gcid-b9074b07-9853-416f-862d-b95f678c17c4%22:%91%93,%22gcid-b93f03e0-f1a3-4dc3-82c8-7f06346e26ca%22:%91%93,%22gcid-a1bf55a0-5c5b-497b-9aab-bea1595b8b44%22:%91%93,%22gcid-1c66a814-85c1-4133-bcb8-09d3eb777ed9%22:%91%93,%22gcid-e97cc203-924a-41e3-a8f9-271a40233bc3%22:%91%93,%22gcid-f20cfb37-afa6-44f3-a320-b41d436305a8%22:%91%22colorStart%22%93}&#8220;][et_pb_column type=&#8220;1_2&#8243; _builder_version=&#8220;4.16&#8243; _module_preset=&#8220;default&#8220; custom_padding_tablet=&#8220;||80px||false|false&#8220; custom_padding_phone=&#8220;&#8220; custom_padding_last_edited=&#8220;on|phone&#8220; scroll_vertical_motion=&#8220;0|50|50|100|1|0|-1&#8243; scroll_fade=&#8220;0|50|50|100|0|100|0%&#8220; border_color_all=&#8220;gcid-93b9221d-346f-4d17-8791-c904dc494d99&#8243; border_color_right=&#8220;gcid-93b9221d-346f-4d17-8791-c904dc494d99&#8243; global_colors_info=&#8220;{%22gcid-93b9221d-346f-4d17-8791-c904dc494d99%22:%91%22border_color_all%22,%22border_color_right%22%93,%22gcid-b5f40070-431d-4893-aa87-87f16089d237%22:%91%93,%22gcid-e97cc203-924a-41e3-a8f9-271a40233bc3%22:%91%93}&#8220; custom_css_main_element_last_edited=&#8220;on|tablet&#8220; custom_css_main_element_phone=&#8220;order: 1;&#8220; custom_css_main_element_tablet=&#8220;order: 1;&#8220;][et_pb_image src=&#8220;https:\/\/rescuewear.eu\/wp-content\/uploads\/logo-transparent@2x-8.png&#8220; alt=&#8220;rescuewear &#8211; we design for heroes&#8220; title_text=&#8220;logo-transparent@2x-8&#8243; url=&#8220;@ET-DC@eyJkeW5hbWljIjp0cnVlLCJjb250ZW50IjoiaG9tZV91cmwiLCJzZXR0aW5ncyI6e319@&#8220; show_bottom_space=&#8220;off&#8220; align_last_edited=&#8220;off|desktop&#8220; _builder_version=&#8220;4.16&#8243; _dynamic_attributes=&#8220;url&#8220; _module_preset=&#8220;default&#8220; width=&#8220;75%&#8220; width_tablet=&#8220;75%&#8220; width_phone=&#8220;100%&#8220; width_last_edited=&#8220;on|tablet&#8220; module_alignment=&#8220;left&#8220; custom_margin=&#8220;||17%||false|true&#8220; custom_margin_tablet=&#8220;10%||10%||false|false&#8220; custom_margin_phone=&#8220;0%||0%||false|false&#8220; custom_margin_last_edited=&#8220;on|desktop&#8220; custom_padding=&#8220;|15%||15%|false|true&#8220; animation_style=&#8220;fade&#8220; module_alignment_tablet=&#8220;&#8220; module_alignment_phone=&#8220;center&#8220; module_alignment_last_edited=&#8220;on|phone&#8220; global_colors_info=&#8220;{}&#8220;][\/et_pb_image][\/et_pb_column][et_pb_column type=&#8220;1_2&#8243; _builder_version=&#8220;4.16&#8243; _module_preset=&#8220;default&#8220; custom_padding_tablet=&#8220;||80px||false|false&#8220; custom_padding_phone=&#8220;&#8220; custom_padding_last_edited=&#8220;on|phone&#8220; scroll_vertical_motion=&#8220;0|50|50|100|1|0|-1&#8243; scroll_fade=&#8220;0|50|50|100|0|100|0%&#8220; border_color_all=&#8220;gcid-93b9221d-346f-4d17-8791-c904dc494d99&#8243; border_color_right=&#8220;gcid-93b9221d-346f-4d17-8791-c904dc494d99&#8243; global_colors_info=&#8220;{%22gcid-93b9221d-346f-4d17-8791-c904dc494d99%22:%91%22border_color_all%22,%22border_color_right%22%93,%22gcid-b5f40070-431d-4893-aa87-87f16089d237%22:%91%93,%22gcid-e97cc203-924a-41e3-a8f9-271a40233bc3%22:%91%93}&#8220; custom_css_main_element_last_edited=&#8220;on|tablet&#8220; custom_css_main_element_phone=&#8220;order: 1;&#8220; custom_css_main_element_tablet=&#8220;order: 1;&#8220;][et_pb_text _builder_version=&#8220;4.16&#8243; _module_preset=&#8220;default&#8220; header_font=&#8220;|800|||||||&#8220; header_font_size=&#8220;5rem&#8220; header_letter_spacing=&#8220;0.4rem&#8220; header_line_height=&#8220;4rem&#8220; header_2_font=&#8220;|700||on|||||&#8220; header_2_text_align=&#8220;center&#8220; header_2_text_color=&#8220;#000000&#8243; header_2_font_size=&#8220;1.4rem&#8220; header_3_font=&#8220;|600|||||||&#8220; header_3_font_size=&#8220;2rem&#8220; header_3_letter_spacing=&#8220;0.3rem&#8220; header_3_line_height=&#8220;3rem&#8220; header_4_font=&#8220;||||||||&#8220; header_4_font_size=&#8220;1.4rem&#8220; header_4_letter_spacing=&#8220;0.4rem&#8220; header_4_line_height=&#8220;2em&#8220; header_5_font=&#8220;|700|||||||&#8220; header_5_text_color=&#8220;#000000&#8243; header_5_font_size=&#8220;1rem&#8220; header_5_letter_spacing=&#8220;0.2rem&#8220; header_5_line_height=&#8220;1.4rem&#8220; background_layout=&#8220;dark&#8220; custom_margin=&#8220;||||false|true&#8220; custom_padding=&#8220;50px|15%|100px|15%|false|true&#8220; custom_padding_tablet=&#8220;0px|15%|50px|15%|false|true&#8220; custom_padding_phone=&#8220;||0px||false|true&#8220; custom_padding_last_edited=&#8220;on|phone&#8220; header_font_size_tablet=&#8220;&#8220; header_font_size_phone=&#8220;3.2rem&#8220; header_font_size_last_edited=&#8220;on|phone&#8220; header_letter_spacing_tablet=&#8220;&#8220; header_letter_spacing_phone=&#8220;0.2rem&#8220; header_letter_spacing_last_edited=&#8220;on|phone&#8220; header_2_text_color_tablet=&#8220;&#8220; header_2_text_color_phone=&#8220;#FFFFFF&#8220; header_2_text_color_last_edited=&#8220;on|phone&#8220; header_2_font_size_tablet=&#8220;&#8220; header_2_font_size_phone=&#8220;1.4rem&#8220; header_2_font_size_last_edited=&#8220;on|tablet&#8220; global_colors_info=&#8220;{%22gcid-1c66a814-85c1-4133-bcb8-09d3eb777ed9%22:%91%93,%22gcid-49e1468f-dece-4b18-820c-556c0629e340%22:%91%93}&#8220;]<\/p>\n<h1>Daten&shy;schutz&shy;erkl\u00e4r&shy;ung<\/h1>\n<p>[\/et_pb_text][\/et_pb_column][\/et_pb_row][\/et_pb_section][et_pb_section fb_built=&#8220;1&#8243; admin_label=&#8220;text&#8220; _builder_version=&#8220;4.16&#8243; _module_preset=&#8220;default&#8220; background_enable_color=&#8220;off&#8220; custom_margin=&#8220;|||50px|false|false&#8220; custom_margin_tablet=&#8220;&#8220; custom_margin_phone=&#8220;|||0px|false|false&#8220; custom_margin_last_edited=&#8220;on|phone&#8220; custom_padding=&#8220;0px|0px|0px|0px|true|true&#8220; collapsed=&#8220;off&#8220; global_colors_info=&#8220;{}&#8220;][et_pb_row column_structure=&#8220;1_2,1_2&#8243; use_custom_gutter=&#8220;on&#8220; gutter_width=&#8220;1&#8243; make_equal=&#8220;on&#8220; _builder_version=&#8220;4.16&#8243; _module_preset=&#8220;default&#8220; width=&#8220;100%&#8220; max_width=&#8220;100%&#8220; custom_padding=&#8220;0px||0px||true|false&#8220; global_colors_info=&#8220;{}&#8220;][et_pb_column type=&#8220;1_2&#8243; admin_label=&#8220;txt&#8220; _builder_version=&#8220;4.16&#8243; _module_preset=&#8220;default&#8220; background_color=&#8220;#FFFFFF&#8220; global_colors_info=&#8220;{%22gcid-cb3789b2-10e6-4487-bff9-6d16753fbc85%22:%91%93,%22gcid-49e1468f-dece-4b18-820c-556c0629e340%22:%91%93,%22gcid-e97cc203-924a-41e3-a8f9-271a40233bc3%22:%91%93,%22gcid-2af8ab1c-9db1-48e5-8d6e-a88476d718f4%22:%91%93}&#8220;][et_pb_text _builder_version=&#8220;4.16&#8243; _module_preset=&#8220;default&#8220; text_font=&#8220;||||||||&#8220; text_font_size=&#8220;1rem&#8220; text_line_height=&#8220;1.8rem&#8220; link_text_color=&#8220;gcid-1c66a814-85c1-4133-bcb8-09d3eb777ed9&#8243; header_font=&#8220;||||||||&#8220; header_2_font=&#8220;|700|||||||&#8220; header_2_text_align=&#8220;left&#8220; header_2_text_color=&#8220;gcid-1c66a814-85c1-4133-bcb8-09d3eb777ed9&#8243; header_2_font_size=&#8220;2rem&#8220; header_2_letter_spacing=&#8220;0.1em&#8220; header_3_font=&#8220;|600|||||||&#8220; header_3_text_align=&#8220;left&#8220; header_3_text_color=&#8220;gcid-68bb9b82-4c9c-4a80-8665-e4a5f11f373a&#8220; header_3_font_size=&#8220;2rem&#8220; header_3_letter_spacing=&#8220;0.1rem&#8220; header_3_line_height=&#8220;1.3em&#8220; header_4_font=&#8220;||||||||&#8220; header_4_font_size=&#8220;1.4rem&#8220; header_4_letter_spacing=&#8220;0.4rem&#8220; header_4_line_height=&#8220;2em&#8220; header_5_font=&#8220;|700|||||||&#8220; header_5_text_color=&#8220;#000000&#8243; header_5_font_size=&#8220;1rem&#8220; header_5_letter_spacing=&#8220;0.2rem&#8220; header_5_line_height=&#8220;1.4rem&#8220; text_orientation=&#8220;justified&#8220; custom_margin_tablet=&#8220;0px||50px||false|true&#8220; custom_margin_last_edited=&#8220;off|desktop&#8220; custom_padding=&#8220;100px|15%|100px|15%|true|true&#8220; border_color_all=&#8220;gcid-fd49010d-138b-4a49-a5cb-389d62ff9600&#8243; global_colors_info=&#8220;{%22gcid-1c66a814-85c1-4133-bcb8-09d3eb777ed9%22:%91%22header_2_text_color%22,%22link_text_color%22%93,%22gcid-01b0e956-425e-4954-a171-d74d6939bcf5%22:%91%93,%22gcid-fd49010d-138b-4a49-a5cb-389d62ff9600%22:%91%22border_color_all%22,%22border_color_all%22,%22border_color_all%22%93,%22gcid-c3ecdd2d-4f0e-43be-835e-4b803319e3d6%22:%91%93,%22gcid-b93f03e0-f1a3-4dc3-82c8-7f06346e26ca%22:%91%93,%22gcid-a1bf55a0-5c5b-497b-9aab-bea1595b8b44%22:%91%93,%22gcid-b9074b07-9853-416f-862d-b95f678c17c4%22:%91%93,%22gcid-93b9221d-346f-4d17-8791-c904dc494d99%22:%91%93,%22gcid-e97cc203-924a-41e3-a8f9-271a40233bc3%22:%91%93,%22gcid-cb3789b2-10e6-4487-bff9-6d16753fbc85%22:%91%93,%22gcid-68bb9b82-4c9c-4a80-8665-e4a5f11f373a%22:%91%22header_3_text_color%22%93}&#8220;]<\/p>\n<p>Sie k\u00f6nnen unsere Seite besuchen, ohne Angaben zu Ihrer Person zu machen. Wir speichern lediglich Zugriffsdaten ohne Personenbezug wie z. B. den Namen Ihres Internet Service Providers, die Seite, von der aus Sie uns besuchen oder den Namen der angeforderten Datei. Diese Daten werden ausschlie\u00dflich zur Verbesserung unseres Angebotes ausgewertet und erlauben keinen R\u00fcckschluss auf Ihre Person.<\/p>\n<p>Personenbezogene Daten werden nur erhoben, wenn Sie uns diese im Rahmen Ihrer Bestellung, bei Er\u00f6ffnung eines Kundenkontos oder bei Registrierung f\u00fcr einen Newsletter freiwillig mitteilen. Wir verwenden die von ihnen mitgeteilten Daten ohne Ihre gesonderte Einwilligung ausschlie\u00dflich zur Erf\u00fcllung und Abwicklung Ihrer Bestellung. Mit vollst\u00e4ndiger Abwicklung des Vertrages und vollst\u00e4ndiger Kaufpreiszahlung werden Ihre Daten f\u00fcr die weitere Verwendung gesperrt und nach Ablauf der steuer- und handelsrechtlichen Vorschriften gel\u00f6scht, sofern Sie nicht ausdr\u00fccklich in die weitere Nutzung Ihrer Daten eingewilligt haben.<\/p>\n<p>Bei Anmeldung zu einem Newsletter wird Ihre E-Mail-Adresse mit Ihrer Einwilligung f\u00fcr eigene Werbezwecke genutzt, bis Sie sich vom Newsletter abmelden.<\/p>\n<h2>Weitergabe personenbezogener Daten<\/h2>\n<p>Eine Weitergabe Ihrer Daten erfolgt an das mit der Lieferung beauftragte Versandunternehmen, soweit dies zur Lieferung der Waren notwendig ist. Zur Abwicklung von Zahlungen geben wir Ihre Zahlungsdaten an das mit der Zahlung beauftragte Kreditinstitut bzw. den zwischengeschalteten Zahlungsprovider weiter. Gegebenenfalls kann eine Weitergabe Ihrer Daten an das mit einer Bonit\u00e4tspr\u00fcfung beauftragte Unternehmen erfolgen.<\/p>\n<p>Wir speichern den Vertragstext und senden Ihnen die Bestelldaten und unsere AGB per E-Mail zu. Ihre Bestelldaten sind aus Sicherheitsgr\u00fcnden nicht mehr \u00fcber das Internet zug\u00e4nglich.<\/p>\n<h2>Datensicherheit<\/h2>\n<p>Ihre Daten werden unverschl\u00fcsselt \u00fcber das Internet \u00fcbertragen. Wir sichern unsere Website und sonstigen Systeme durch technische und organisatorische Ma\u00dfnahmen gegen Verlust, Zerst\u00f6rung, Zugriff, Ver\u00e4nderung oder Verbreitung Ihrer Daten durch unbefugte Personen. Der Zugang zu Ihrem Kundenkonto ist nur nach Eingabe Ihres pers\u00f6nlichen Passwortes m\u00f6glich. Sie sollten Ihre Zugangsinformationen stets vertraulich behandeln und das Browserfenster schlie\u00dfen, wenn Sie die Kommunikation mit uns beendet haben, insbesondere wenn Sie den Computer gemeinsam mit anderen nutzen.<\/p>\n<p><h2>Auskunftsrecht<\/h2>\n<p>Nach dem Bundesdatenschutzgesetz haben Sie ein Recht auf unentgeltliche Auskunft \u00fcber Ihre gespeicherten Daten sowie ggf. ein Recht auf Berichtigung, Sperrung oder L\u00f6schung dieser Daten.<\/p>\n<p><h2>Verwendung von Cookies<\/h2>\n<p>Au\u00dfer im Rahmen von Google Analytics verwenden wir keine Cookies.<br \/>\nUnseren Partnerunternehmen ist es nicht gestattet, \u00fcber unsere Website personenbezogene Daten mittels Cookies zu erheben, zu verarbeiten oder zu nutzen. Auch wir erstellen keine Personenprofile.<br \/>\nSie k\u00f6nnen Ihren Browser so einstellen, dass Sie \u00fcber das Setzen von Cookies informiert werden, von Fall zu Fall \u00fcber die Annahme entscheiden oder die Annahme von Cookies grunds\u00e4tzlich ausschlie\u00dfen. Bei der Nichtannahme von Cookies kann die Funktionalit\u00e4t unseres Online-Shops eingeschr\u00e4nkt sein.[\/et_pb_text][\/et_pb_column][et_pb_column type=&#8220;1_2&#8243; admin_label=&#8220;txt&#8220; _builder_version=&#8220;4.16&#8243; _module_preset=&#8220;default&#8220; background_color=&#8220;gcid-2af8ab1c-9db1-48e5-8d6e-a88476d718f4&#8243; global_colors_info=&#8220;{%22gcid-01b0e956-425e-4954-a171-d74d6939bcf5%22:%91%93,%22gcid-1c66a814-85c1-4133-bcb8-09d3eb777ed9%22:%91%93,%22gcid-c3ecdd2d-4f0e-43be-835e-4b803319e3d6%22:%91%93,%22gcid-e97cc203-924a-41e3-a8f9-271a40233bc3%22:%91%93,%22gcid-7de3d2ba-65c3-437c-b384-d68695cad579%22:%91%93,%22gcid-68bb9b82-4c9c-4a80-8665-e4a5f11f373a%22:%91%93,%22gcid-2af8ab1c-9db1-48e5-8d6e-a88476d718f4%22:%91%22background_color%22%93}&#8220;][et_pb_text _builder_version=&#8220;4.27.4&#8243; _module_preset=&#8220;default&#8220; text_font=&#8220;||||||||&#8220; text_font_size=&#8220;1rem&#8220; text_line_height=&#8220;1.8rem&#8220; link_text_color=&#8220;gcid-1c66a814-85c1-4133-bcb8-09d3eb777ed9&#8243; header_font=&#8220;||||||||&#8220; header_2_font=&#8220;|700|||||||&#8220; header_2_text_align=&#8220;left&#8220; header_2_text_color=&#8220;gcid-1c66a814-85c1-4133-bcb8-09d3eb777ed9&#8243; header_2_font_size=&#8220;2rem&#8220; header_2_letter_spacing=&#8220;0.1em&#8220; header_3_font=&#8220;|600|||||||&#8220; header_3_text_align=&#8220;left&#8220; header_3_text_color=&#8220;gcid-68bb9b82-4c9c-4a80-8665-e4a5f11f373a&#8220; header_3_font_size=&#8220;2rem&#8220; header_3_letter_spacing=&#8220;0.1rem&#8220; header_3_line_height=&#8220;1.3em&#8220; header_4_font=&#8220;||||||||&#8220; header_4_font_size=&#8220;1.4rem&#8220; header_4_letter_spacing=&#8220;0.4rem&#8220; header_4_line_height=&#8220;2em&#8220; header_5_font=&#8220;|700|||||||&#8220; header_5_text_color=&#8220;#000000&#8243; header_5_font_size=&#8220;1rem&#8220; header_5_letter_spacing=&#8220;0.2rem&#8220; header_5_line_height=&#8220;1.4rem&#8220; text_orientation=&#8220;justified&#8220; custom_margin_tablet=&#8220;0px||50px||false|true&#8220; custom_margin_last_edited=&#8220;off|desktop&#8220; custom_padding=&#8220;100px|15%|100px|15%|true|true&#8220; hover_enabled=&#8220;0&#8243; border_color_all=&#8220;gcid-fd49010d-138b-4a49-a5cb-389d62ff9600&#8243; global_colors_info=&#8220;{%22gcid-1c66a814-85c1-4133-bcb8-09d3eb777ed9%22:%91%22header_2_text_color%22,%22link_text_color%22%93,%22gcid-01b0e956-425e-4954-a171-d74d6939bcf5%22:%91%93,%22gcid-fd49010d-138b-4a49-a5cb-389d62ff9600%22:%91%22border_color_all%22,%22border_color_all%22,%22border_color_all%22%93,%22gcid-c3ecdd2d-4f0e-43be-835e-4b803319e3d6%22:%91%93,%22gcid-b93f03e0-f1a3-4dc3-82c8-7f06346e26ca%22:%91%93,%22gcid-a1bf55a0-5c5b-497b-9aab-bea1595b8b44%22:%91%93,%22gcid-b9074b07-9853-416f-862d-b95f678c17c4%22:%91%93,%22gcid-93b9221d-346f-4d17-8791-c904dc494d99%22:%91%93,%22gcid-e97cc203-924a-41e3-a8f9-271a40233bc3%22:%91%93,%22gcid-cb3789b2-10e6-4487-bff9-6d16753fbc85%22:%91%93,%22gcid-68bb9b82-4c9c-4a80-8665-e4a5f11f373a%22:%91%22header_3_text_color%22%93}&#8220; sticky_enabled=&#8220;0&#8243;]<\/p>\n<h2>Google Analytics<\/h2>\n<p>Diese Website benutzt Google Analytics, einen Webanalysedienst der Google Inc. (\u201eGoogle\u201c). Google Analytics verwendet sog. \u201eCookies\u201c, Textdateien, die auf Ihrem Computer gespeichert werden und die eine Analyse der Benutzung der Website durch Sie erm\u00f6glichen. Die durch den Cookie erzeugten Informationen \u00fcber Ihre Benutzung dieser Website werden in der Regel an einen Server von Google in den USA \u00fcbertragen und dort gespeichert. Im Falle der Aktivierung der IP-Anonymisierung auf dieser Webseite, wird Ihre IP-Adresse von Google jedoch innerhalb von Mitgliedstaaten der Europ\u00e4ischen Union oder in anderen Vertragsstaaten des Abkommens \u00fcber den Europ\u00e4ischen Wirtschaftsraum zuvor gek\u00fcrzt. Nur in Ausnahmef\u00e4llen wird die volle IP-Adresse an einen Server von Google in den USA \u00fcbertragen und dort gek\u00fcrzt. Im Auftrag des Betreibers dieser Website wird Google diese Informationen benutzen, um Ihre Nutzung der Website auszuwerten, um Reports \u00fcber die Websiteaktivit\u00e4ten zusammenzustellen und um weitere mit der Websitenutzung und der Internetnutzung verbundene Dienstleistungen gegen\u00fcber dem Websitebetreiber zu erbringen. Die im Rahmen von Google Analytics von Ihrem Browser \u00fcbermittelte IP-Adresse wird nicht mit anderen Daten von Google zusammengef\u00fchrt. Sie k\u00f6nnen die Speicherung der Cookies durch eine entsprechende Einstellung Ihrer Browser-Software verhindern; wir weisen Sie jedoch darauf hin, dass Sie in diesem Fall gegebenenfalls nicht s\u00e4mtliche Funktionen dieser Website vollumf\u00e4nglich werden nutzen k\u00f6nnen. Sie k\u00f6nnen dar\u00fcber hinaus die Erfassung der durch das Cookie erzeugten und auf Ihre Nutzung der Website bezogenen Daten (inkl. Ihrer IP-Adresse) an Google sowie die Verarbeitung dieser Daten durch Google verhindern, indem sie das Browser-Add-on zur Deaktivierung von Google Analytics hier herunterladen und installieren.<br \/>\nN\u00e4here Informationen hierzu finden Sie in den allgemeinen Informationen zu Google Analytics und Datenschutz Google privacy overview. Wir weisen Sie darauf hin, dass auf dieser Webseite Google Analytics um den Code \u201egat._anonymizeIp();\u201c erweitert wurde, um eine anonymisierte Erfassung von IP-Adressen (sog. IP-Masking) zu gew\u00e4hrleisten.<\/p>\n<p><h2>Facebook<\/h2>\n<p>Auf dieser Homepage werden sog. Plugins des sozialen Netzwerks Facebook verwendet. Dieses wird von der Facebook Inc., 1601 S. California Ave, Palo Alto, CA 94304, USA betrieben. Wenn Sie eine Seite aufrufen, auf der sich ein derartiges Plugin, z. B. ein \u201eLike-\u201c oder \u201eGef\u00e4llt mir\u201c-Button befindet, wird eine Verbindung zu den Facebook-Servern in den USA hergestellt, auch wenn Sie keinen Account bei Facebook unterhalten.<br \/>\nDurch die Einbindung der Plugins erh\u00e4lt Facebook die Information, dass Sie die entsprechende Seite unseres Internetauftritts aufgerufen haben. Sind Sie bei Facebook eingeloggt, kann Facebook den Besuch Ihrem Facebook-Konto zuordnen. Wenn Sie mit den Plugins interagieren, zum Beispiel den Like Button bet\u00e4tigen oder einen Kommentar abgeben, wird die entsprechende Information von Ihrem Browser direkt an Facebook \u00fcbermittelt und dort gespeichert. Falls Sie kein Mitglied von Facebook sind, besteht trotzdem die M\u00f6glichkeit, dass Facebook Ihre IP-Adresse in Erfahrung bringt und speichert.<br \/>\nZweck und Umfang der Datenerhebung und die weitere Verarbeitung und Nutzung der Daten durch Facebook sowie Ihre diesbez\u00fcglichen Rechte und Einstellungsm\u00f6glichkeiten zum Schutz Ihrer Privatsph\u00e4re entnehmen Sie bitte den Datenschutzhinweisen von Facebook.<br \/>\nWenn Sie Facebookmitglied sind und nicht m\u00f6chten, dass Facebook \u00fcber unseren Internetauftritt Daten \u00fcber Sie sammelt und mit Ihren bei Facebook gespeicherten Mitgliedsdaten verkn\u00fcpft, m\u00fcssen Sie sich vor Ihrem Besuch unseres Internetauftritts bei Facebook ausloggen.<\/p>\n<p><h2>Newsletter<\/h2>\n<p>Mit der Bestellung eines Newsletters auf der Webseite stimmen Sie der Benutzung Ihrer E-Mail-Adresse zu Werbezwecken unseres Unternehmens zu. Eine Weitergabe Ihrer E-Mail-Adresse an andere Unternehmen zu Werbezwecken erfolgt nicht. Sie k\u00f6nnen diese Zustimmung jederzeit mit Wirkung f\u00fcr die Zukunft am Ende eines jeden Newsletters oder auch direkt auf unserer Homepage widerrufen. Dabei fallen keine h\u00f6heren Kosten als die Basistarife an.<\/p>\n<p><h2>Widerruf von Einwilligungen<\/h2>\n<p>Die Einwilligungen, die Sie ggf. im Verlauf des Bestellprozesses ausdr\u00fccklich erteilt haben, k\u00f6nnen Sie jederzeit mit Wirkung f\u00fcr die Zukunft widerrufen.<\/p>\n<p><h2>Ansprechpartner f\u00fcr Datenschutz<\/h2>\n<p>Bei Fragen zur Erhebung, Verarbeitung oder Nutzung Ihrer personenbezogenen Daten, bei Ausk\u00fcnften, Berichtigung, Sperrung oder L\u00f6schung von Daten sowie Widerruf erteilter Einwilligungen wenden Sie sich bitte an:<br \/>\nRescuewear by Ressiv Safety GmbH<br \/>\nWei\u00dfenburger Stra\u00dfe 12A<br \/>\n66994 Dahn<br \/>\nDeutschland<br \/>\nGesch\u00e4ftsf\u00fchrer: Johan Visser<br \/>\nTelefon: + 49 (0) 6394 9931260<br \/>\neMail: info@rescuewear.eu<br \/>\nWebsite: www.rescuewear.eu[\/et_pb_text][\/et_pb_column][\/et_pb_row][\/et_pb_section]<\/p>\n","protected":false},"excerpt":{"rendered":"<p>Daten&shy;schutz&shy;erkl\u00e4r&shy;ungSie k\u00f6nnen unsere Seite besuchen, ohne Angaben zu Ihrer Person zu machen. Wir speichern lediglich Zugriffsdaten ohne Personenbezug wie z. B. den Namen Ihres Internet Service Providers, die Seite, von der aus Sie uns besuchen oder den Namen der angeforderten Datei. Diese Daten werden ausschlie\u00dflich zur Verbesserung unseres Angebotes ausgewertet und erlauben keinen R\u00fcckschluss auf [&hellip;]<\/p>\n","protected":false},"author":1,"featured_media":0,"parent":0,"menu_order":0,"comment_status":"closed","ping_status":"closed","template":"","meta":{"_et_pb_use_builder":"on","_et_pb_old_content":"","_et_gb_content_width":"","footnotes":""},"dipi_cpt_category":[],"class_list":["post-242916","page","type-page","status-publish","hentry"],"_links":{"self":[{"href":"https:\/\/rescuewear.eu\/de\/wp-json\/wp\/v2\/pages\/242916","targetHints":{"allow":["GET"]}}],"collection":[{"href":"https:\/\/rescuewear.eu\/de\/wp-json\/wp\/v2\/pages"}],"about":[{"href":"https:\/\/rescuewear.eu\/de\/wp-json\/wp\/v2\/types\/page"}],"author":[{"embeddable":true,"href":"https:\/\/rescuewear.eu\/de\/wp-json\/wp\/v2\/users\/1"}],"replies":[{"embeddable":true,"href":"https:\/\/rescuewear.eu\/de\/wp-json\/wp\/v2\/comments?post=242916"}],"version-history":[{"count":2,"href":"https:\/\/rescuewear.eu\/de\/wp-json\/wp\/v2\/pages\/242916\/revisions"}],"predecessor-version":[{"id":25884167,"href":"https:\/\/rescuewear.eu\/de\/wp-json\/wp\/v2\/pages\/242916\/revisions\/25884167"}],"wp:attachment":[{"href":"https:\/\/rescuewear.eu\/de\/wp-json\/wp\/v2\/media?parent=242916"}],"wp:term":[{"taxonomy":"dipi_cpt_category","embeddable":true,"href":"https:\/\/rescuewear.eu\/de\/wp-json\/wp\/v2\/dipi_cpt_category?post=242916"}],"curies":[{"name":"wp","href":"https:\/\/api.w.org\/{rel}","templated":true}]}}