{"id":243973,"date":"2021-05-25T06:21:53","date_gmt":"2021-05-25T06:21:53","guid":{"rendered":"https:\/\/rescuewear.eu\/wissen-und-tips\/"},"modified":"2024-09-30T16:03:17","modified_gmt":"2024-09-30T16:03:17","slug":"wissen-und-tips","status":"publish","type":"page","link":"https:\/\/rescuewear.eu\/de\/wissen-und-tips\/","title":{"rendered":"Wissen und Tips"},"content":{"rendered":"<p>[et_pb_section fb_built=&#8220;1&#8243; admin_label=&#8220;header blog&#8220; _builder_version=&#8220;4.16&#8243; _module_preset=&#8220;default&#8220; background_color=&#8220;#000000&#8243; custom_margin=&#8220;||-81px|50px|false|false&#8220; custom_margin_tablet=&#8220;&#8220; custom_margin_phone=&#8220;|||0px|false|false&#8220; custom_margin_last_edited=&#8220;on|phone&#8220; custom_padding=&#8220;0px|0px|0px|0px|false|true&#8220; top_divider_color=&#8220;#000000&#8243; top_divider_arrangement=&#8220;above_content&#8220; bottom_divider_color=&#8220;#FFFFFF&#8220; bottom_divider_flip=&#8220;vertical&#8220; bottom_divider_arrangement=&#8220;above_content&#8220; sticky_position_tablet=&#8220;none&#8220; sticky_position_last_edited=&#8220;off|desktop&#8220; border_color_bottom=&#8220;gcid-93b9221d-346f-4d17-8791-c904dc494d99&#8243; saved_tabs=&#8220;all&#8220; collapsed=&#8220;off&#8220; global_colors_info=&#8220;{%22gcid-93b9221d-346f-4d17-8791-c904dc494d99%22:%91%22border_color_bottom%22%93,%22gcid-b5f40070-431d-4893-aa87-87f16089d237%22:%91%93,%22gcid-e97cc203-924a-41e3-a8f9-271a40233bc3%22:%91%93}&#8220; theme_builder_area=&#8220;post_content&#8220;][et_pb_row use_custom_gutter=&#8220;on&#8220; gutter_width=&#8220;1&#8243; custom_padding_last_edited=&#8220;off|desktop&#8220; _builder_version=&#8220;4.16&#8243; _module_preset=&#8220;default&#8220; background_enable_color=&#8220;off&#8220; background_color_gradient_direction=&#8220;-90deg&#8220; background_enable_image=&#8220;off&#8220; background_size=&#8220;initial&#8220; background_repeat=&#8220;repeat&#8220; custom_padding=&#8220;100px||100px||false|false&#8220; custom_padding_tablet=&#8220;0px||0px||false|false&#8220; custom_css_main_element=&#8220;display: flex;||flex-wrap: wrap;&#8220; global_colors_info=&#8220;{%22gcid-93b9221d-346f-4d17-8791-c904dc494d99%22:%91%93,%22gcid-c3ecdd2d-4f0e-43be-835e-4b803319e3d6%22:%91%93,%22gcid-b9074b07-9853-416f-862d-b95f678c17c4%22:%91%93,%22gcid-b93f03e0-f1a3-4dc3-82c8-7f06346e26ca%22:%91%93,%22gcid-a1bf55a0-5c5b-497b-9aab-bea1595b8b44%22:%91%93,%22gcid-1c66a814-85c1-4133-bcb8-09d3eb777ed9%22:%91%93,%22gcid-e97cc203-924a-41e3-a8f9-271a40233bc3%22:%91%93,%22gcid-f20cfb37-afa6-44f3-a320-b41d436305a8%22:%91%22colorStart%22%93}&#8220; theme_builder_area=&#8220;post_content&#8220;][et_pb_column type=&#8220;4_4&#8243; _builder_version=&#8220;4.16&#8243; _module_preset=&#8220;default&#8220; custom_padding_tablet=&#8220;||80px||false|false&#8220; custom_padding_phone=&#8220;&#8220; custom_padding_last_edited=&#8220;on|phone&#8220; scroll_vertical_motion=&#8220;0|50|50|100|1|0|-1&#8243; scroll_fade=&#8220;0|50|50|100|0|100|0%&#8220; border_color_all=&#8220;gcid-93b9221d-346f-4d17-8791-c904dc494d99&#8243; border_color_right=&#8220;gcid-93b9221d-346f-4d17-8791-c904dc494d99&#8243; global_colors_info=&#8220;{%22gcid-93b9221d-346f-4d17-8791-c904dc494d99%22:%91%22border_color_all%22,%22border_color_right%22%93,%22gcid-b5f40070-431d-4893-aa87-87f16089d237%22:%91%93,%22gcid-e97cc203-924a-41e3-a8f9-271a40233bc3%22:%91%93}&#8220; custom_css_main_element_last_edited=&#8220;on|tablet&#8220; custom_css_main_element_phone=&#8220;order: 1;&#8220; custom_css_main_element_tablet=&#8220;order: 1;&#8220; theme_builder_area=&#8220;post_content&#8220;][et_pb_image src=&#8220;https:\/\/rescuewear.eu\/wp-content\/uploads\/logo-transparent@2x-8.png&#8220; alt=&#8220;rescuewear &#8211; we design for heroes&#8220; title_text=&#8220;logo-transparent@2x-8&#8243; url=&#8220;@ET-DC@eyJkeW5hbWljIjp0cnVlLCJjb250ZW50IjoiaG9tZV91cmwiLCJzZXR0aW5ncyI6e319@&#8220; show_bottom_space=&#8220;off&#8220; align_last_edited=&#8220;off|desktop&#8220; _builder_version=&#8220;4.16&#8243; _dynamic_attributes=&#8220;url&#8220; _module_preset=&#8220;default&#8220; width=&#8220;40%&#8220; width_tablet=&#8220;75%&#8220; width_phone=&#8220;100%&#8220; width_last_edited=&#8220;on|tablet&#8220; module_alignment=&#8220;left&#8220; custom_margin=&#8220;||4%||false|false&#8220; custom_margin_tablet=&#8220;15%||10%||false|false&#8220; custom_margin_phone=&#8220;20%||20%||true|false&#8220; custom_margin_last_edited=&#8220;off|desktop&#8220; animation_style=&#8220;fade&#8220; module_alignment_tablet=&#8220;&#8220; module_alignment_phone=&#8220;center&#8220; module_alignment_last_edited=&#8220;on|phone&#8220; global_colors_info=&#8220;{}&#8220; theme_builder_area=&#8220;post_content&#8220;][\/et_pb_image][et_pb_text _builder_version=&#8220;4.27.0&#8243; _module_preset=&#8220;default&#8220; header_font=&#8220;|800|||||||&#8220; header_text_align=&#8220;left&#8220; header_text_color=&#8220;#FFFFFF&#8220; header_font_size=&#8220;3.8rem&#8220; header_letter_spacing=&#8220;0rem&#8220; header_line_height=&#8220;4.4rem&#8220; header_2_font=&#8220;|700||on|||||&#8220; header_2_text_color=&#8220;#FFFFFF&#8220; header_2_font_size=&#8220;4rem&#8220; header_2_letter_spacing=&#8220;0.2rem&#8220; header_2_line_height=&#8220;4rem&#8220; header_3_font=&#8220;|600|||||||&#8220; header_3_font_size=&#8220;2rem&#8220; header_3_letter_spacing=&#8220;0.3rem&#8220; header_3_line_height=&#8220;3rem&#8220; header_4_font=&#8220;||||||||&#8220; header_4_font_size=&#8220;1.4rem&#8220; header_4_letter_spacing=&#8220;0.4rem&#8220; header_4_line_height=&#8220;2em&#8220; header_5_font=&#8220;|700|||||||&#8220; header_5_text_color=&#8220;#C30B30&#8243; header_5_font_size=&#8220;1rem&#8220; header_5_letter_spacing=&#8220;0.2rem&#8220; header_5_line_height=&#8220;1.4rem&#8220; custom_margin=&#8220;50px||||false|true&#8220; hover_enabled=&#8220;0&#8243; header_font_size_tablet=&#8220;3rem&#8220; header_font_size_phone=&#8220;1.8rem&#8220; header_font_size_last_edited=&#8220;on|phone&#8220; header_line_height_tablet=&#8220;4rem&#8220; header_line_height_phone=&#8220;2.4rem&#8220; header_line_height_last_edited=&#8220;on|phone&#8220; global_colors_info=&#8220;{}&#8220; theme_builder_area=&#8220;post_content&#8220; sticky_enabled=&#8220;0&#8243;]<\/p>\n<h1>Wissen und Tips<\/h1>\n<p>[\/et_pb_text][et_pb_text _builder_version=&#8220;4.27.0&#8243; _module_preset=&#8220;default&#8220; header_font=&#8220;|800|||||||&#8220; header_text_align=&#8220;left&#8220; header_text_color=&#8220;#FFFFFF&#8220; header_font_size=&#8220;4.8rem&#8220; header_letter_spacing=&#8220;0.4rem&#8220; header_line_height=&#8220;2.6rem&#8220; header_2_font=&#8220;|700||on|||||&#8220; header_2_text_color=&#8220;gcid-1c66a814-85c1-4133-bcb8-09d3eb777ed9&#8243; header_2_font_size=&#8220;2rem&#8220; header_2_line_height=&#8220;2.6rem&#8220; header_3_font=&#8220;|600|||||||&#8220; header_3_font_size=&#8220;2rem&#8220; header_3_letter_spacing=&#8220;0.3rem&#8220; header_3_line_height=&#8220;3rem&#8220; header_4_font=&#8220;||||||||&#8220; header_4_font_size=&#8220;1.4rem&#8220; header_4_letter_spacing=&#8220;0.4rem&#8220; header_4_line_height=&#8220;2em&#8220; header_5_font=&#8220;|700|||||||&#8220; header_5_text_color=&#8220;#C30B30&#8243; header_5_font_size=&#8220;1rem&#8220; header_5_letter_spacing=&#8220;0.2rem&#8220; header_5_line_height=&#8220;1.4rem&#8220; custom_margin=&#8220;||||false|false&#8220; hover_enabled=&#8220;0&#8243; header_font_size_tablet=&#8220;4.2rem&#8220; header_font_size_phone=&#8220;3.6rem&#8220; header_font_size_last_edited=&#8220;on|desktop&#8220; header_letter_spacing_tablet=&#8220;0.3rem&#8220; header_letter_spacing_phone=&#8220;0.2rem&#8220; header_letter_spacing_last_edited=&#8220;on|tablet&#8220; header_line_height_tablet=&#8220;4.2rem&#8220; header_line_height_phone=&#8220;4rem&#8220; header_line_height_last_edited=&#8220;on|phone&#8220; header_2_font_size_tablet=&#8220;&#8220; header_2_font_size_phone=&#8220;1.2rem&#8220; header_2_font_size_last_edited=&#8220;on|phone&#8220; header_2_line_height_tablet=&#8220;2.6rem&#8220; header_2_line_height_phone=&#8220;1.4rem&#8220; header_2_line_height_last_edited=&#8220;on|phone&#8220; global_colors_info=&#8220;{%22gcid-c3ecdd2d-4f0e-43be-835e-4b803319e3d6%22:%91%93,%22gcid-1c66a814-85c1-4133-bcb8-09d3eb777ed9%22:%91%22header_2_text_color%22,%22header_2_text_color%22,%22header_2_text_color%22,%22header_2_text_color%22,%22header_2_text_color%22%93}&#8220; theme_builder_area=&#8220;post_content&#8220; sticky_enabled=&#8220;0&#8243;]<\/p>\n<h2>f\u00fcr Notfall&shy;helfer<\/h2>\n<p>[\/et_pb_text][et_pb_text _builder_version=&#8220;4.27.0&#8243; _module_preset=&#8220;default&#8220; text_font=&#8220;||||||||&#8220; text_font_size=&#8220;1rem&#8220; text_line_height=&#8220;1.8rem&#8220; header_font=&#8220;||||||||&#8220; header_2_text_color=&#8220;#FFFFFF&#8220; header_2_line_height=&#8220;1.3em&#8220; header_3_font=&#8220;|600|||||||&#8220; header_3_text_align=&#8220;left&#8220; header_3_text_color=&#8220;#FFFFFF&#8220; header_3_font_size=&#8220;1rem&#8220; header_3_letter_spacing=&#8220;0.3rem&#8220; header_3_line_height=&#8220;1.3em&#8220; header_4_font=&#8220;||||||||&#8220; header_4_font_size=&#8220;1.4rem&#8220; header_4_letter_spacing=&#8220;0.4rem&#8220; header_4_line_height=&#8220;2em&#8220; header_5_font=&#8220;|700|||||||&#8220; header_5_text_color=&#8220;#000000&#8243; header_5_font_size=&#8220;1rem&#8220; header_5_letter_spacing=&#8220;0.2rem&#8220; header_5_line_height=&#8220;1.4rem&#8220; background_layout=&#8220;dark&#8220; custom_padding=&#8220;|||15px|false|false&#8220; border_color_all=&#8220;gcid-fd49010d-138b-4a49-a5cb-389d62ff9600&#8243; border_width_left=&#8220;10px&#8220; border_color_left=&#8220;#FFFFFF&#8220; global_colors_info=&#8220;{%22gcid-1c66a814-85c1-4133-bcb8-09d3eb777ed9%22:%91%93,%22gcid-01b0e956-425e-4954-a171-d74d6939bcf5%22:%91%93,%22gcid-fd49010d-138b-4a49-a5cb-389d62ff9600%22:%91%22border_color_all%22%93,%22gcid-c3ecdd2d-4f0e-43be-835e-4b803319e3d6%22:%91%93,%22gcid-b93f03e0-f1a3-4dc3-82c8-7f06346e26ca%22:%91%93,%22gcid-a1bf55a0-5c5b-497b-9aab-bea1595b8b44%22:%91%93,%22gcid-e97cc203-924a-41e3-a8f9-271a40233bc3%22:%91%93}&#8220; theme_builder_area=&#8220;post_content&#8220;]<\/p>\n<p>Wir m\u00f6chten unser Wissen und unsere Tipps mit Ihnen teilen. Lesen Sie unsere Blogs und bleiben Sie auf dem Laufenden \u00fcber alle Entwicklungen unserer Produkte. Au\u00dferdem informieren wir Sie \u00fcber unseren Service und andere wichtige Themen wie Normen und Entwicklungen in der Berufsbekleidungsindustrie.<\/p>\n<p>[\/et_pb_text][\/et_pb_column][\/et_pb_row][\/et_pb_section]<\/p>\n","protected":false},"excerpt":{"rendered":"<p>Wissen und Tipsf\u00fcr Notfall&shy;helferWir m\u00f6chten unser Wissen und unsere Tipps mit Ihnen teilen. Lesen Sie unsere Blogs und bleiben Sie auf dem Laufenden \u00fcber alle Entwicklungen unserer Produkte. Au\u00dferdem informieren wir Sie \u00fcber unseren Service und andere wichtige Themen wie Normen und Entwicklungen in der Berufsbekleidungsindustrie.<\/p>\n","protected":false},"author":1,"featured_media":0,"parent":0,"menu_order":0,"comment_status":"closed","ping_status":"closed","template":"","meta":{"_et_pb_use_builder":"on","_et_pb_old_content":"","_et_gb_content_width":"","footnotes":""},"dipi_cpt_category":[],"class_list":["post-243973","page","type-page","status-publish","hentry"],"_links":{"self":[{"href":"https:\/\/rescuewear.eu\/de\/wp-json\/wp\/v2\/pages\/243973","targetHints":{"allow":["GET"]}}],"collection":[{"href":"https:\/\/rescuewear.eu\/de\/wp-json\/wp\/v2\/pages"}],"about":[{"href":"https:\/\/rescuewear.eu\/de\/wp-json\/wp\/v2\/types\/page"}],"author":[{"embeddable":true,"href":"https:\/\/rescuewear.eu\/de\/wp-json\/wp\/v2\/users\/1"}],"replies":[{"embeddable":true,"href":"https:\/\/rescuewear.eu\/de\/wp-json\/wp\/v2\/comments?post=243973"}],"version-history":[{"count":3,"href":"https:\/\/rescuewear.eu\/de\/wp-json\/wp\/v2\/pages\/243973\/revisions"}],"predecessor-version":[{"id":25876054,"href":"https:\/\/rescuewear.eu\/de\/wp-json\/wp\/v2\/pages\/243973\/revisions\/25876054"}],"wp:attachment":[{"href":"https:\/\/rescuewear.eu\/de\/wp-json\/wp\/v2\/media?parent=243973"}],"wp:term":[{"taxonomy":"dipi_cpt_category","embeddable":true,"href":"https:\/\/rescuewear.eu\/de\/wp-json\/wp\/v2\/dipi_cpt_category?post=243973"}],"curies":[{"name":"wp","href":"https:\/\/api.w.org\/{rel}","templated":true}]}}