{"id":251409,"date":"2024-08-30T14:47:11","date_gmt":"2024-08-30T14:47:11","guid":{"rendered":"https:\/\/rescuewear.eu\/rescuewear-produktuebersicht-kleidung-fuer-feuerwehr-copy\/"},"modified":"2024-09-19T10:17:02","modified_gmt":"2024-09-19T10:17:02","slug":"normen-und-zertifizierungen-th-feuerwehrjacke-und-hose","status":"publish","type":"page","link":"https:\/\/rescuewear.eu\/de\/normen-und-zertifizierungen-th-feuerwehrjacke-und-hose\/","title":{"rendered":"Normen und Zertifizierungen TH Feuerwehrjacke und -Hose"},"content":{"rendered":"<p>[et_pb_section fb_built=&#8220;1&#8243; admin_label=&#8220;header&#8220; _builder_version=&#8220;4.16&#8243; _module_preset=&#8220;default&#8220; custom_margin=&#8220;|||50px|false|false&#8220; custom_margin_tablet=&#8220;&#8220; custom_margin_phone=&#8220;|||0px|false|false&#8220; custom_margin_last_edited=&#8220;on|phone&#8220; custom_padding=&#8220;0px|0px|0px|0px|false|true&#8220; top_divider_color=&#8220;#000000&#8243; top_divider_arrangement=&#8220;above_content&#8220; bottom_divider_color=&#8220;#FFFFFF&#8220; bottom_divider_flip=&#8220;vertical&#8220; bottom_divider_arrangement=&#8220;above_content&#8220; sticky_position_tablet=&#8220;none&#8220; sticky_position_last_edited=&#8220;off|desktop&#8220; border_color_bottom=&#8220;gcid-93b9221d-346f-4d17-8791-c904dc494d99&#8243; collapsed=&#8220;off&#8220; global_colors_info=&#8220;{%22gcid-93b9221d-346f-4d17-8791-c904dc494d99%22:%91%22border_color_bottom%22%93,%22gcid-b5f40070-431d-4893-aa87-87f16089d237%22:%91%93,%22gcid-e97cc203-924a-41e3-a8f9-271a40233bc3%22:%91%93}&#8220;][et_pb_row column_structure=&#8220;1_3,2_3&#8243; use_custom_gutter=&#8220;on&#8220; gutter_width=&#8220;1&#8243; make_equal=&#8220;on&#8220; _builder_version=&#8220;4.16&#8243; _module_preset=&#8220;default&#8220; background_enable_color=&#8220;off&#8220; use_background_color_gradient=&#8220;on&#8220; background_color_gradient_direction=&#8220;-90deg&#8220; background_color_gradient_stops=&#8220;#ffee00 3%|#000000 3%&#8220; background_color_gradient_start=&#8220;#ffee00&#8243; background_color_gradient_start_position=&#8220;3%&#8220; background_color_gradient_end=&#8220;#000000&#8243; background_color_gradient_end_position=&#8220;3%&#8220; background_enable_image=&#8220;off&#8220; background_size=&#8220;initial&#8220; background_repeat=&#8220;repeat&#8220; width=&#8220;100%&#8220; max_width=&#8220;100%&#8220; custom_padding=&#8220;0px||80px||false|false&#8220; global_colors_info=&#8220;{%22gcid-93b9221d-346f-4d17-8791-c904dc494d99%22:%91%93,%22gcid-c3ecdd2d-4f0e-43be-835e-4b803319e3d6%22:%91%93,%22gcid-b9074b07-9853-416f-862d-b95f678c17c4%22:%91%22colorStart%22%93,%22gcid-b93f03e0-f1a3-4dc3-82c8-7f06346e26ca%22:%91%93,%22gcid-a1bf55a0-5c5b-497b-9aab-bea1595b8b44%22:%91%93,%22gcid-1c66a814-85c1-4133-bcb8-09d3eb777ed9%22:%91%93,%22gcid-e97cc203-924a-41e3-a8f9-271a40233bc3%22:%91%93}&#8220;][et_pb_column type=&#8220;1_3&#8243; _builder_version=&#8220;4.16&#8243; _module_preset=&#8220;default&#8220; position_origin_a=&#8220;bottom_left&#8220; position_origin_r=&#8220;bottom_left&#8220; global_colors_info=&#8220;{}&#8220;][et_pb_image src=&#8220;https:\/\/rescuewear.eu\/wp-content\/uploads\/normen-header-feuerwehr.jpg&#8220; alt=&#8220;Normen &#038; Zerti\u00adfi\u00adzierungen TH Feuer\u00adwehr\u00adjacke &#038; -Hose&#8220; title_text=&#8220;normen-header-feuerwehr&#8220; show_bottom_space=&#8220;off&#8220; _builder_version=&#8220;4.27.0&#8243; _module_preset=&#8220;default&#8220; position_origin_a=&#8220;bottom_right&#8220; position_origin_r=&#8220;bottom_right&#8220; global_colors_info=&#8220;{}&#8220;][\/et_pb_image][\/et_pb_column][et_pb_column type=&#8220;2_3&#8243; _builder_version=&#8220;4.16&#8243; _module_preset=&#8220;default&#8220; scroll_vertical_motion=&#8220;0|50|50|100|1|0|-1&#8243; scroll_fade=&#8220;0|50|50|100|0|100|0%&#8220; border_color_all=&#8220;gcid-93b9221d-346f-4d17-8791-c904dc494d99&#8243; border_color_right=&#8220;gcid-93b9221d-346f-4d17-8791-c904dc494d99&#8243; global_colors_info=&#8220;{%22gcid-93b9221d-346f-4d17-8791-c904dc494d99%22:%91%22border_color_all%22,%22border_color_right%22%93,%22gcid-b5f40070-431d-4893-aa87-87f16089d237%22:%91%93,%22gcid-e97cc203-924a-41e3-a8f9-271a40233bc3%22:%91%93}&#8220;][et_pb_image src=&#8220;https:\/\/rescuewear.eu\/wp-content\/uploads\/logo-transparent@2x-8.png&#8220; alt=&#8220;rescuewear &#8211; we design for heroes&#8220; title_text=&#8220;logo-transparent@2x-8&#8243; url=&#8220;@ET-DC@eyJkeW5hbWljIjp0cnVlLCJjb250ZW50IjoiaG9tZV91cmwiLCJzZXR0aW5ncyI6e319@&#8220; show_bottom_space=&#8220;off&#8220; align_last_edited=&#8220;off|desktop&#8220; _builder_version=&#8220;4.16&#8243; _dynamic_attributes=&#8220;url&#8220; _module_preset=&#8220;default&#8220; width=&#8220;55%&#8220; width_tablet=&#8220;75%&#8220; width_phone=&#8220;100%&#8220; width_last_edited=&#8220;on|tablet&#8220; module_alignment=&#8220;left&#8220; custom_margin=&#8220;8%||8%||true|false&#8220; custom_margin_tablet=&#8220;15%||10%||false|false&#8220; custom_margin_phone=&#8220;20%||20%||true|false&#8220; custom_margin_last_edited=&#8220;on|phone&#8220; custom_padding=&#8220;|10%||10%|false|true&#8220; animation_style=&#8220;fade&#8220; module_alignment_tablet=&#8220;&#8220; module_alignment_phone=&#8220;center&#8220; module_alignment_last_edited=&#8220;on|phone&#8220; global_colors_info=&#8220;{}&#8220;][\/et_pb_image][et_pb_text _builder_version=&#8220;4.27.0&#8243; _module_preset=&#8220;default&#8220; header_font=&#8220;|800|||||||&#8220; header_text_align=&#8220;left&#8220; header_text_color=&#8220;#FFFFFF&#8220; header_font_size=&#8220;4.8rem&#8220; header_letter_spacing=&#8220;0.2rem&#8220; header_line_height=&#8220;4.6rem&#8220; header_2_font=&#8220;|700||on|||||&#8220; header_2_text_color=&#8220;#FFFFFF&#8220; header_2_font_size=&#8220;4rem&#8220; header_2_letter_spacing=&#8220;0.2rem&#8220; header_2_line_height=&#8220;4rem&#8220; header_3_font=&#8220;|600|||||||&#8220; header_3_font_size=&#8220;2rem&#8220; header_3_letter_spacing=&#8220;0.3rem&#8220; header_3_line_height=&#8220;3rem&#8220; header_4_font=&#8220;||||||||&#8220; header_4_font_size=&#8220;1.4rem&#8220; header_4_letter_spacing=&#8220;0.4rem&#8220; header_4_line_height=&#8220;2em&#8220; header_5_font=&#8220;|700|||||||&#8220; header_5_text_color=&#8220;#C30B30&#8243; header_5_font_size=&#8220;1rem&#8220; header_5_letter_spacing=&#8220;0.2rem&#8220; header_5_line_height=&#8220;1.4rem&#8220; custom_margin=&#8220;50px|10%||10%|false|false&#8220; header_font_size_tablet=&#8220;3rem&#8220; header_font_size_phone=&#8220;2rem&#8220; header_font_size_last_edited=&#8220;on|phone&#8220; header_letter_spacing_tablet=&#8220;0.1rem&#8220; header_letter_spacing_phone=&#8220;0rem&#8220; header_letter_spacing_last_edited=&#8220;on|tablet&#8220; header_line_height_tablet=&#8220;3.4rem&#8220; header_line_height_phone=&#8220;2.4rem&#8220; header_line_height_last_edited=&#8220;on|phone&#8220; global_colors_info=&#8220;{}&#8220;]<\/p>\n<h1>Normen &amp; <br \/>Zerti&shy;fi&shy;zierungen <br \/>TH-Feuer&shy;wehr&shy;jacke &amp; TH-Feuer&shy;wehr&shy;hose<\/h1>\n<p>[\/et_pb_text][et_pb_text _builder_version=&#8220;4.27.0&#8243; _module_preset=&#8220;default&#8220; header_font=&#8220;|800|||||||&#8220; header_text_align=&#8220;left&#8220; header_text_color=&#8220;#FFFFFF&#8220; header_font_size=&#8220;4.8rem&#8220; header_letter_spacing=&#8220;0.4rem&#8220; header_line_height=&#8220;2.6rem&#8220; header_2_font=&#8220;|700||on|||||&#8220; header_2_text_color=&#8220;gcid-1c66a814-85c1-4133-bcb8-09d3eb777ed9&#8243; header_2_font_size=&#8220;2.6rem&#8220; header_2_letter_spacing=&#8220;0.2rem&#8220; header_2_line_height=&#8220;2.8rem&#8220; header_3_font=&#8220;|600|||||||&#8220; header_3_font_size=&#8220;2rem&#8220; header_3_letter_spacing=&#8220;0.3rem&#8220; header_3_line_height=&#8220;3rem&#8220; header_4_font=&#8220;||||||||&#8220; header_4_font_size=&#8220;1.4rem&#8220; header_4_letter_spacing=&#8220;0.4rem&#8220; header_4_line_height=&#8220;2em&#8220; header_5_font=&#8220;|700|||||||&#8220; header_5_text_color=&#8220;#C30B30&#8243; header_5_font_size=&#8220;1rem&#8220; header_5_letter_spacing=&#8220;0.2rem&#8220; header_5_line_height=&#8220;1.4rem&#8220; custom_margin=&#8220;|10%||10%|false|false&#8220; header_font_size_tablet=&#8220;4.2rem&#8220; header_font_size_phone=&#8220;3.6rem&#8220; header_font_size_last_edited=&#8220;on|desktop&#8220; header_letter_spacing_tablet=&#8220;0.3rem&#8220; header_letter_spacing_phone=&#8220;0.2rem&#8220; header_letter_spacing_last_edited=&#8220;on|tablet&#8220; header_line_height_tablet=&#8220;4.2rem&#8220; header_line_height_phone=&#8220;4rem&#8220; header_line_height_last_edited=&#8220;on|phone&#8220; header_2_font_size_tablet=&#8220;&#8220; header_2_font_size_phone=&#8220;1.8rem&#8220; header_2_font_size_last_edited=&#8220;on|phone&#8220; header_2_letter_spacing_tablet=&#8220;&#8220; header_2_letter_spacing_phone=&#8220;0.1rem&#8220; header_2_letter_spacing_last_edited=&#8220;on|phone&#8220; header_2_line_height_tablet=&#8220;&#8220; header_2_line_height_phone=&#8220;2.2rem&#8220; header_2_line_height_last_edited=&#8220;on|phone&#8220; global_colors_info=&#8220;{%22gcid-c3ecdd2d-4f0e-43be-835e-4b803319e3d6%22:%91%93,%22gcid-1c66a814-85c1-4133-bcb8-09d3eb777ed9%22:%91%22header_2_text_color%22%93}&#8220;]<span style=\"color: #ffffff;\">Unsere Feuerwehrjacke und -hose erf\u00fcllen die h\u00f6chsten Standards und Normen und bieten Ihnen maximale Zuverl\u00e4ssigkeit. Au\u00dfendem ist die Bekleidung umfassend zertifiziert, um Ihnen h\u00f6chste Sicherheit und Qualit\u00e4t zu gew\u00e4hrleisten. Diese Normen best\u00e4tigen, dass unsere Bekleidung nicht nur robust und langlebig ist, sondern auch h\u00f6chsten Schutz und Komfort bietet. Vertrauen Sie auf unsere Normen und Zertifizierungen, um bei jedem Einsatz bestens gesch\u00fctzt zu sein.<\/span><span style=\"color: #ffffff;\">Hier finden Sie die spezifischen Normen und deren Bedeutungen.<\/span>[\/et_pb_text][\/et_pb_column][\/et_pb_row][\/et_pb_section][et_pb_section fb_built=&#8220;1&#8243; admin_label=&#8220;product selector&#8220; _builder_version=&#8220;4.16&#8243; _module_preset=&#8220;default&#8220; background_enable_color=&#8220;off&#8220; use_background_color_gradient=&#8220;on&#8220; background_color_gradient_direction=&#8220;-90deg&#8220; background_color_gradient_stops=&#8220;#0091b4 3%|#ffffff 3%&#8220; background_color_gradient_start=&#8220;#0091b4&#8243; background_color_gradient_start_position=&#8220;3%&#8220; background_color_gradient_end=&#8220;#ffffff&#8220; background_color_gradient_end_position=&#8220;3%&#8220; custom_margin=&#8220;|||50px|false|false&#8220; custom_margin_tablet=&#8220;&#8220; custom_margin_phone=&#8220;|||0px|false|false&#8220; custom_margin_last_edited=&#8220;on|phone&#8220; custom_padding=&#8220;0px|0px|0px|0px|true|true&#8220; saved_tabs=&#8220;all&#8220; collapsed=&#8220;off&#8220; global_colors_info=&#8220;{%22gcid-b9074b07-9853-416f-862d-b95f678c17c4%22:%91%93,%22gcid-1c66a814-85c1-4133-bcb8-09d3eb777ed9%22:%91%93,%22gcid-01b0e956-425e-4954-a171-d74d6939bcf5%22:%91%93,%22gcid-93b9221d-346f-4d17-8791-c904dc494d99%22:%91%93,%22gcid-fd49010d-138b-4a49-a5cb-389d62ff9600%22:%91%22colorStart%22%93,%22gcid-7de3d2ba-65c3-437c-b384-d68695cad579%22:%91%93,%22gcid-b93f03e0-f1a3-4dc3-82c8-7f06346e26ca%22:%91%93,%22gcid-49e1468f-dece-4b18-820c-556c0629e340%22:%91%93,%22gcid-b5f40070-431d-4893-aa87-87f16089d237%22:%91%93,%22gcid-a1bf55a0-5c5b-497b-9aab-bea1595b8b44%22:%91%93}&#8220;][et_pb_row column_structure=&#8220;1_3,1_3,1_3&#8243; use_custom_gutter=&#8220;on&#8220; gutter_width=&#8220;2&#8243; make_equal=&#8220;on&#8220; _builder_version=&#8220;4.27.0&#8243; _module_preset=&#8220;default&#8220; width=&#8220;75%&#8220; width_tablet=&#8220;&#8220; width_phone=&#8220;90%&#8220; width_last_edited=&#8220;on|phone&#8220; max_width=&#8220;100%&#8220; custom_padding=&#8220;50px||0px||false|false&#8220; scroll_horizontal_motion=&#8220;0|30|30|100|4|0|0&#8243; scroll_fade=&#8220;0|30|30|100|0|100|100&#8243; border_width_right=&#8220;25px&#8220; border_color_right=&#8220;#FFFFFF&#8220; border_width_left=&#8220;25px&#8220; border_color_left=&#8220;#FFFFFF&#8220; global_colors_info=&#8220;{}&#8220;][et_pb_column type=&#8220;1_3&#8243; _builder_version=&#8220;4.27.0&#8243; _module_preset=&#8220;default&#8220; background_enable_color=&#8220;off&#8220; use_background_color_gradient=&#8220;on&#8220; background_color_gradient_stops=&#8220;gcid-1c66a814-85c1-4133-bcb8-09d3eb777ed9 50%|#f4f4f4 50%&#8220; global_colors_info=&#8220;{%22gcid-1c66a814-85c1-4133-bcb8-09d3eb777ed9%22:%91%22background_color_gradient_stops%22%93}&#8220;][et_pb_blurb title=&#8220;EN 1149-5:2018&#8243; image=&#8220;https:\/\/rescuewear.eu\/wp-content\/uploads\/rw-norm-EN11495-2018.png&#8220; image_icon_width=&#8220;60%&#8220; _builder_version=&#8220;4.27.0&#8243; _module_preset=&#8220;default&#8220; header_level=&#8220;h2&#8243; header_font=&#8220;|600||on|||||&#8220; header_text_align=&#8220;center&#8220; background_color=&#8220;#f4f4f4&#8243; image_icon_custom_margin=&#8220;||||false|false&#8220; image_icon_custom_padding=&#8220;25px|25px|25px|25px|true|true&#8220; custom_margin=&#8220;20px||||false|false&#8220; custom_padding=&#8220;0px|30px|40px|30px|false|true&#8220; global_colors_info=&#8220;{}&#8220;]<\/p>\n<p>Schutzkleidung &#8211; Elektrostatische Eigenschaften &#8211; Teil 5. Gepr\u00fcft nach EN1149-3 Methode 2 nach 5 W\u00e4schen bei 60\u00b0C gem\u00e4\u00df der Norm ISO 6330:2012.<\/p>\n<p>[\/et_pb_blurb][\/et_pb_column][et_pb_column type=&#8220;1_3&#8243; _builder_version=&#8220;4.27.0&#8243; _module_preset=&#8220;default&#8220; background_enable_color=&#8220;off&#8220; use_background_color_gradient=&#8220;on&#8220; background_color_gradient_stops=&#8220;gcid-b9074b07-9853-416f-862d-b95f678c17c4 50%|#f4f4f4 51%&#8220; global_colors_info=&#8220;{%22gcid-1c66a814-85c1-4133-bcb8-09d3eb777ed9%22:%91%22background_color_gradient_stops%22%93,%22gcid-b9074b07-9853-416f-862d-b95f678c17c4%22:%91%22background_color_gradient_stops%22%93}&#8220;][et_pb_blurb title=&#8220;EN ISO 11612:2015&#8243; image=&#8220;https:\/\/rescuewear.eu\/wp-content\/uploads\/rw-norm-EN-ISO-11612-2015.png&#8220; image_icon_width=&#8220;60%&#8220; _builder_version=&#8220;4.27.0&#8243; _module_preset=&#8220;default&#8220; header_level=&#8220;h2&#8243; header_font=&#8220;|600||on|||||&#8220; header_text_align=&#8220;center&#8220; background_color=&#8220;#f4f4f4&#8243; image_icon_custom_margin=&#8220;||||false|false&#8220; image_icon_custom_padding=&#8220;25px|25px|25px|25px|true|true&#8220; custom_margin=&#8220;20px||||false|false&#8220; custom_padding=&#8220;0px|30px|40px|30px|false|true&#8220; global_colors_info=&#8220;{}&#8220;]<\/p>\n<p>Schutzkleidung fu\u0308r Arbeitnehmer, die Hitze<br \/>und Flammen ausgesetzt sind (ausgenommen Schwei\u00dfer und Feuerwehrleute) mit Leistungen:<br \/>A1A2: Begrenzte Flammenausbreitung<br \/>B1:\u00a0\u00a0\u00a0\u00a0\u00a0 Widerstand gegen konvektive Hitze<br \/>C1: \u00a0 \u00a0 Widerstand gegen Strahlungshitze<br \/>E2:\u00a0\u00a0\u00a0\u00a0 Spritzer von geschmolzenem Eisen<br \/>F1:\u00a0\u00a0\u00a0\u00a0\u00a0 Kontaktw\u00e4rme<\/p>\n<p>[\/et_pb_blurb][\/et_pb_column][et_pb_column type=&#8220;1_3&#8243; _builder_version=&#8220;4.27.0&#8243; _module_preset=&#8220;default&#8220; background_color=&#8220;gcid-fd49010d-138b-4a49-a5cb-389d62ff9600&#8243; global_colors_info=&#8220;{%22gcid-1c66a814-85c1-4133-bcb8-09d3eb777ed9%22:%91%22background_color_gradient_stops%22%93,%22gcid-fd49010d-138b-4a49-a5cb-389d62ff9600%22:%91%22background_color_gradient_stops%22,%22background_color%22%93}&#8220;][et_pb_image src=&#8220;https:\/\/rescuewear.eu\/wp-content\/uploads\/rescuewear-feuerwehr-normen-bild03.jpg&#8220; title_text=&#8220;rescuewear-feuerwehr-normen-bild03&#8243; _builder_version=&#8220;4.27.0&#8243; _module_preset=&#8220;default&#8220; hover_enabled=&#8220;0&#8243; global_colors_info=&#8220;{}&#8220; sticky_enabled=&#8220;0&#8243;][\/et_pb_image][\/et_pb_column][\/et_pb_row][et_pb_row column_structure=&#8220;1_3,1_3,1_3&#8243; use_custom_gutter=&#8220;on&#8220; gutter_width=&#8220;2&#8243; make_equal=&#8220;on&#8220; _builder_version=&#8220;4.27.0&#8243; _module_preset=&#8220;default&#8220; width=&#8220;75%&#8220; width_tablet=&#8220;&#8220; width_phone=&#8220;90%&#8220; width_last_edited=&#8220;on|phone&#8220; max_width=&#8220;100%&#8220; custom_padding=&#8220;50px||0px||false|false&#8220; scroll_horizontal_motion=&#8220;0|30|30|100|4|0|0&#8243; scroll_fade=&#8220;0|30|30|100|0|100|100&#8243; border_width_right=&#8220;25px&#8220; border_color_right=&#8220;#FFFFFF&#8220; border_width_left=&#8220;25px&#8220; border_color_left=&#8220;#FFFFFF&#8220; global_colors_info=&#8220;{}&#8220;][et_pb_column type=&#8220;1_3&#8243; _builder_version=&#8220;4.27.0&#8243; _module_preset=&#8220;default&#8220; background_enable_color=&#8220;off&#8220; use_background_color_gradient=&#8220;on&#8220; background_color_gradient_stops=&#8220;gcid-fd49010d-138b-4a49-a5cb-389d62ff9600 50%|#f4f4f4 50%&#8220; global_colors_info=&#8220;{%22gcid-1c66a814-85c1-4133-bcb8-09d3eb777ed9%22:%91%22background_color_gradient_stops%22%93,%22gcid-fd49010d-138b-4a49-a5cb-389d62ff9600%22:%91%22background_color_gradient_stops%22%93}&#8220;][et_pb_blurb title=&#8220;EN 61482-2.2018 APC=1-4kA&#8220; image=&#8220;https:\/\/rescuewear.eu\/wp-content\/uploads\/ew-norm-EN-61482-2-2018-APC-1-4kA.png&#8220; image_icon_width=&#8220;60%&#8220; _builder_version=&#8220;4.27.0&#8243; _module_preset=&#8220;default&#8220; header_level=&#8220;h2&#8243; header_font=&#8220;|600||on|||||&#8220; header_text_align=&#8220;center&#8220; background_color=&#8220;#f4f4f4&#8243; image_icon_custom_margin=&#8220;||||false|false&#8220; image_icon_custom_padding=&#8220;25px|25px|25px|25px|true|true&#8220; custom_margin=&#8220;20px||||false|false&#8220; custom_padding=&#8220;0px|30px|40px|30px|false|true&#8220; global_colors_info=&#8220;{}&#8220;]Schutzkleidung gegen die thermische<br \/>\nGef\u00e4hr&shy;dung durch einen Lichtbogen.[\/et_pb_blurb][\/et_pb_column][et_pb_column type=&#8220;1_3&#8243; _builder_version=&#8220;4.27.0&#8243; _module_preset=&#8220;default&#8220; background_enable_color=&#8220;off&#8220; use_background_color_gradient=&#8220;on&#8220; background_color_gradient_stops=&#8220;gcid-1c66a814-85c1-4133-bcb8-09d3eb777ed9 50%|#f4f4f4 50%&#8220; global_colors_info=&#8220;{%22gcid-1c66a814-85c1-4133-bcb8-09d3eb777ed9%22:%91%22background_color_gradient_stops%22%93}&#8220;][et_pb_blurb title=&#8220;EN ISO 11611:2015 Class 1 \u2013 A1, A2&#8243; image=&#8220;https:\/\/rescuewear.eu\/wp-content\/uploads\/rw-norm-EN-ISO-11611-2015-Class1\u2013A1-A2.png&#8220; image_icon_width=&#8220;60%&#8220; _builder_version=&#8220;4.27.0&#8243; _module_preset=&#8220;default&#8220; header_level=&#8220;h2&#8243; header_font=&#8220;|600||on|||||&#8220; header_text_align=&#8220;center&#8220; background_color=&#8220;#f4f4f4&#8243; image_icon_custom_margin=&#8220;||||false|false&#8220; image_icon_custom_padding=&#8220;25px|25px|25px|25px|true|true&#8220; custom_margin=&#8220;20px||||false|false&#8220; custom_padding=&#8220;0px|30px|40px|30px|false|true&#8220; global_colors_info=&#8220;{}&#8220;]Schutzkleidung zur Verwendung beim Schwei\u00dfen und bei verwandten Verfahren &#8211; Klasse 1 ist ein Schutz gegen weniger gef\u00e4hrliche Schwei\u00dftechniken und<br \/>\n-situationen, die ein geringeres Ma\u00df an Spritzern und Strahlungsw\u00e4rme verursachen &#8211; Klasse 2 ist ein Schutz gegen gef\u00e4hrlichere Schwei\u00df&shy;techniken und -situationen, die ein h\u00f6heres Ma\u00df an Spritzern und Strahlungs&shy;w\u00e4rme verursachen.[\/et_pb_blurb][\/et_pb_column][et_pb_column type=&#8220;1_3&#8243; _builder_version=&#8220;4.27.0&#8243; _module_preset=&#8220;default&#8220; background_enable_color=&#8220;off&#8220; use_background_color_gradient=&#8220;on&#8220; background_color_gradient_stops=&#8220;gcid-b9074b07-9853-416f-862d-b95f678c17c4 50%|#f4f4f4 51%&#8220; global_colors_info=&#8220;{%22gcid-1c66a814-85c1-4133-bcb8-09d3eb777ed9%22:%91%22background_color_gradient_stops%22%93,%22gcid-b9074b07-9853-416f-862d-b95f678c17c4%22:%91%22background_color_gradient_stops%22%93}&#8220;][et_pb_blurb title=&#8220;EN 13034:2005+A1:2009&#8243; image=&#8220;https:\/\/rescuewear.eu\/wp-content\/uploads\/rw-norm-EN-ISO-11612-2015.png&#8220; image_icon_width=&#8220;60%&#8220; _builder_version=&#8220;4.27.0&#8243; _module_preset=&#8220;default&#8220; header_level=&#8220;h2&#8243; header_font=&#8220;|600||on|||||&#8220; header_text_align=&#8220;center&#8220; background_color=&#8220;#f4f4f4&#8243; image_icon_custom_margin=&#8220;||||false|false&#8220; image_icon_custom_padding=&#8220;25px|25px|25px|25px|true|true&#8220; custom_margin=&#8220;20px||||false|false&#8220; custom_padding=&#8220;0px|30px|40px|30px|false|true&#8220; global_colors_info=&#8220;{}&#8220;]Schutz gegen flu\u0308ssige Chemika&shy;lien. Typ Pb6- Jacke\/ Hose\/ Latzhose (separat). Material erfu\u0308llt die Klassen Abrieb 6, Weiter&shy;rei\u00dfen 3, Zug 5 (Stufen 1-6, h\u00f6chste 6), Durchstich 3; Abweisung\/Pene&shy;tration H2SO4 3\/2, NaOH 3\/2, 1-Butanol 2\/2 (Indizes 1-3, h\u00f6chste 3).[\/et_pb_blurb][\/et_pb_column][\/et_pb_row][et_pb_row column_structure=&#8220;1_3,1_3,1_3&#8243; use_custom_gutter=&#8220;on&#8220; gutter_width=&#8220;2&#8243; make_equal=&#8220;on&#8220; _builder_version=&#8220;4.27.0&#8243; _module_preset=&#8220;default&#8220; width=&#8220;75%&#8220; width_tablet=&#8220;&#8220; width_phone=&#8220;90%&#8220; width_last_edited=&#8220;on|phone&#8220; max_width=&#8220;100%&#8220; custom_padding=&#8220;40px||50px||false|false&#8220; scroll_horizontal_motion=&#8220;0|30|30|100|4|0|0&#8243; scroll_fade=&#8220;0|30|30|100|0|100|100&#8243; border_width_right=&#8220;25px&#8220; border_color_right=&#8220;#FFFFFF&#8220; border_width_left=&#8220;25px&#8220; border_color_left=&#8220;#FFFFFF&#8220; global_colors_info=&#8220;{}&#8220;][et_pb_column type=&#8220;1_3&#8243; _builder_version=&#8220;4.27.0&#8243; _module_preset=&#8220;default&#8220; background_color=&#8220;gcid-b9074b07-9853-416f-862d-b95f678c17c4&#8243; global_colors_info=&#8220;{%22gcid-b9074b07-9853-416f-862d-b95f678c17c4%22:%91%22background_color%22%93}&#8220;][et_pb_image src=&#8220;https:\/\/rescuewear.eu\/wp-content\/uploads\/rescuewear-feuerwehr-normen-bild02.jpg&#8220; title_text=&#8220;rescuewear-feuerwehr-normen-bild02&#8243; _builder_version=&#8220;4.27.0&#8243; _module_preset=&#8220;default&#8220; global_colors_info=&#8220;{}&#8220;][\/et_pb_image][\/et_pb_column][et_pb_column type=&#8220;1_3&#8243; _builder_version=&#8220;4.27.0&#8243; _module_preset=&#8220;default&#8220; background_enable_color=&#8220;off&#8220; use_background_color_gradient=&#8220;on&#8220; background_color_gradient_stops=&#8220;gcid-fd49010d-138b-4a49-a5cb-389d62ff9600 50%|#f4f4f4 50%&#8220; global_colors_info=&#8220;{%22gcid-1c66a814-85c1-4133-bcb8-09d3eb777ed9%22:%91%22background_color_gradient_stops%22%93,%22gcid-fd49010d-138b-4a49-a5cb-389d62ff9600%22:%91%22background_color_gradient_stops%22%93}&#8220;][et_pb_blurb title=&#8220;EN 17353:2020 Typ B2\/Typ B3&#8243; image=&#8220;https:\/\/rescuewear.eu\/wp-content\/uploads\/rw-norm-EN-17353-2020-TypB2-TypB3.png&#8220; image_icon_width=&#8220;60%&#8220; _builder_version=&#8220;4.27.0&#8243; _module_preset=&#8220;default&#8220; header_level=&#8220;h2&#8243; header_font=&#8220;|600||on|||||&#8220; header_text_align=&#8220;center&#8220; background_color=&#8220;#f4f4f4&#8243; image_icon_custom_margin=&#8220;||||false|false&#8220; image_icon_custom_padding=&#8220;25px|25px|25px|25px|true|true&#8220; custom_margin=&#8220;20px||||false|false&#8220; custom_padding=&#8220;0px|30px|40px|30px|false|true&#8220; global_colors_info=&#8220;{}&#8220;]Schutzkleidung &#8211; Ausru\u0308stung mit erh\u00f6hter Sichtbarkeit fu\u0308r Situa&shy;tionen mit mittlerem Risiko Jacke &#8211; Typ B3, Hose Typ B2.[\/et_pb_blurb][\/et_pb_column][et_pb_column type=&#8220;1_3&#8243; _builder_version=&#8220;4.27.0&#8243; _module_preset=&#8220;default&#8220; background_enable_color=&#8220;off&#8220; use_background_color_gradient=&#8220;on&#8220; background_color_gradient_stops=&#8220;gcid-1c66a814-85c1-4133-bcb8-09d3eb777ed9 50%|#f4f4f4 50%&#8220; global_colors_info=&#8220;{%22gcid-1c66a814-85c1-4133-bcb8-09d3eb777ed9%22:%91%22background_color_gradient_stops%22%93}&#8220;][et_pb_blurb title=&#8220;OEKO-TEX\u00ae 100&#8243; image=&#8220;https:\/\/rescuewear.eu\/wp-content\/uploads\/rw-norm-OEKOTEX100.png&#8220; image_icon_width=&#8220;60%&#8220; _builder_version=&#8220;4.27.0&#8243; _module_preset=&#8220;default&#8220; header_level=&#8220;h2&#8243; header_font=&#8220;|600||on|||||&#8220; header_text_align=&#8220;center&#8220; background_color=&#8220;#f4f4f4&#8243; image_icon_custom_margin=&#8220;||||false|false&#8220; image_icon_custom_padding=&#8220;25px|25px|25px|25px|true|true&#8220; custom_margin=&#8220;20px||||false|false&#8220; custom_padding=&#8220;0px|30px|40px|30px|false|true&#8220; global_colors_info=&#8220;{}&#8220;]Diese Zertifi&shy;zierung garantiert, dass die Materialien unserer Jacke schadstoff&shy;gepru\u0308ft und umwelt&shy;freundlich sind.[\/et_pb_blurb][\/et_pb_column][\/et_pb_row][\/et_pb_section]<\/p>\n","protected":false},"excerpt":{"rendered":"<p>Normen &amp; Zerti&shy;fi&shy;zierungen TH-Feuer&shy;wehr&shy;jacke &amp; TH-Feuer&shy;wehr&shy;hoseUnsere Feuerwehrjacke und -hose erf\u00fcllen die h\u00f6chsten Standards und Normen und bieten Ihnen maximale Zuverl\u00e4ssigkeit. Au\u00dfendem ist die Bekleidung umfassend zertifiziert, um Ihnen h\u00f6chste Sicherheit und Qualit\u00e4t zu gew\u00e4hrleisten. Diese Normen best\u00e4tigen, dass unsere Bekleidung nicht nur robust und langlebig ist, sondern auch h\u00f6chsten Schutz und Komfort bietet. Vertrauen Sie [&hellip;]<\/p>\n","protected":false},"author":1,"featured_media":0,"parent":0,"menu_order":0,"comment_status":"closed","ping_status":"closed","template":"","meta":{"_et_pb_use_builder":"on","_et_pb_old_content":"","_et_gb_content_width":"","footnotes":""},"dipi_cpt_category":[],"class_list":["post-251409","page","type-page","status-publish","hentry"],"_links":{"self":[{"href":"https:\/\/rescuewear.eu\/de\/wp-json\/wp\/v2\/pages\/251409","targetHints":{"allow":["GET"]}}],"collection":[{"href":"https:\/\/rescuewear.eu\/de\/wp-json\/wp\/v2\/pages"}],"about":[{"href":"https:\/\/rescuewear.eu\/de\/wp-json\/wp\/v2\/types\/page"}],"author":[{"embeddable":true,"href":"https:\/\/rescuewear.eu\/de\/wp-json\/wp\/v2\/users\/1"}],"replies":[{"embeddable":true,"href":"https:\/\/rescuewear.eu\/de\/wp-json\/wp\/v2\/comments?post=251409"}],"version-history":[{"count":4,"href":"https:\/\/rescuewear.eu\/de\/wp-json\/wp\/v2\/pages\/251409\/revisions"}],"predecessor-version":[{"id":25875512,"href":"https:\/\/rescuewear.eu\/de\/wp-json\/wp\/v2\/pages\/251409\/revisions\/25875512"}],"wp:attachment":[{"href":"https:\/\/rescuewear.eu\/de\/wp-json\/wp\/v2\/media?parent=251409"}],"wp:term":[{"taxonomy":"dipi_cpt_category","embeddable":true,"href":"https:\/\/rescuewear.eu\/de\/wp-json\/wp\/v2\/dipi_cpt_category?post=251409"}],"curies":[{"name":"wp","href":"https:\/\/api.w.org\/{rel}","templated":true}]}}